{"id":11,"date":"2016-10-06T18:55:11","date_gmt":"2016-10-06T16:55:11","guid":{"rendered":"http:\/\/localhost\/my-site\/wp-taodao\/?page_id=11"},"modified":"2025-04-25T19:30:46","modified_gmt":"2025-04-25T17:30:46","slug":"contact-m-hignard-shiatsu-medecine-traditionnelle-chinoise-saint-malo","status":"publish","type":"page","link":"https:\/\/www.taodao.fr\/index.php\/contact-m-hignard-shiatsu-medecine-traditionnelle-chinoise-saint-malo\/","title":{"rendered":"Contact Marie Hignard"},"content":{"rendered":"<div id=\"pl-11\"  class=\"panel-layout\" ><div id=\"pg-11-0\"  class=\"panel-grid panel-no-style\" ><div id=\"pgc-11-0-0\"  class=\"panel-grid-cell\" ><div id=\"panel-11-0-0-0\" class=\"so-panel widget widget_sow-editor panel-first-child panel-last-child\" data-index=\"0\" ><div\n\t\t\t\n\t\t\tclass=\"so-widget-sow-editor so-widget-sow-editor-base\"\n\t\t\t\n\t\t><h3 class=\"widget-title\">Contact de Marie Hignard <\/h3>\n<div class=\"siteorigin-widget-tinymce textwidget\">\n\t<p align=\"CENTER\"><strong>Le cabinet taodao consulte \u00e0 votre <span style=\"color: #99cc00;\"><a style=\"color: #99cc00;\" href=\"https:\/\/www.taodao.fr\/index.php\/ma-pratique-la-sante-est-une-affaire-intime\/\">domicile<\/a><\/span>, mais aussi en<span style=\"color: #99cc00;\"> <a style=\"color: #99cc00;\" href=\"https:\/\/www.taodao.fr\/index.php\/laccompagnement-et-la-prevention-therapeutique\/\">structure m\u00e9dicale<\/a> <\/span>ou sur votre lieu de <a href=\"https:\/\/www.taodao.fr\/index.php\/la-prevention-des-risques-sociaux-professionnels-en-entreprise\/\"><span style=\"color: #99cc00;\">travail<\/span>.<\/a>\u00a0<\/strong><\/p>\n<p align=\"CENTER\"><strong>Marie Hignard se d\u00e9place autour de Saint Malo dans un rayon de 60km.<\/strong><\/p>\n<p>&nbsp;<\/p>\n<h2 style=\"text-align: left;\">Prise de rdv<\/h2>\n<p>Ainsi, vous pouvez prendre rdv pour <span style=\"color: #99cc00;\"><a href=\"http:\/\/www.taodao.fr\/index.php\/seance-de-shiatsu-et-mtc-avec-marie-hignard-a-saint-malo\/\"><span style=\"color: #99cc00;\">une s\u00e9ance de Shiatsu et MTC<\/span><\/a><\/span> par t\u00e9l\u00e9phone, merci de privil\u00e9gier le SMS.<\/p>\n<p><strong>Marie HIGNARD - Cabinet taodao - Saint Malo et ses environs<\/strong><br \/>\nT\u00e9l. 06 64 61 83 71<\/p>\n<p>&nbsp;<\/p>\n<h2>Autres contacts<\/h2>\n<p>Vous pouvez aussi me joindre par mail, <a href=\"mailto:taodao@hotmail.fr\">taodao<wbr \/>@hotmail.fr<\/a><\/p>\n<p>ou par Facebook,\u00a0 <a href=\"http:\/\/facebook.com\/taodao.mtc\" target=\"_blank\" rel=\"noopener\">Taodao Mtc<\/a><\/p>\n<p><img decoding=\"async\" loading=\"lazy\" class=\"size-medium wp-image-221 aligncenter\" src=\"http:\/\/www.taodao.fr\/wp-content\/uploads\/2016\/11\/logo-300x86.jpg\" alt=\"Marie Hignard, Cabinet Taodao, praticienne en m\u00e9decine traditionnelle chinoise Avignon\" width=\"300\" height=\"86\" srcset=\"https:\/\/www.taodao.fr\/wp-content\/uploads\/2016\/11\/logo-300x86.jpg 300w, https:\/\/www.taodao.fr\/wp-content\/uploads\/2016\/11\/logo.jpg 483w\" sizes=\"(max-width: 300px) 100vw, 300px\" \/><\/p>\n<p style=\"text-align: left;\" align=\"CENTER\">\n<\/div>\n<\/div><\/div><\/div><div id=\"pgc-11-0-1\"  class=\"panel-grid-cell\" ><div id=\"panel-11-0-1-0\" class=\"so-panel widget widget_sow-editor panel-first-child panel-last-child\" data-index=\"1\" ><div\n\t\t\t\n\t\t\tclass=\"so-widget-sow-editor so-widget-sow-editor-base\"\n\t\t\t\n\t\t><h3 class=\"widget-title\">Contact<\/h3>\n<div class=\"siteorigin-widget-tinymce textwidget\">\n\t<div role=\"form\" class=\"wpcf7\" id=\"wpcf7-f164-o1\" lang=\"fr-FR\" dir=\"ltr\">\n<div class=\"screen-reader-response\"><\/div>\n<form action=\"\/index.php\/wp-json\/wp\/v2\/pages\/11#wpcf7-f164-o1\" method=\"post\" class=\"wpcf7-form\" novalidate=\"novalidate\">\n<div style=\"display: none;\">\n<input type=\"hidden\" name=\"_wpcf7\" value=\"164\" \/><br \/>\n<input type=\"hidden\" name=\"_wpcf7_version\" value=\"4.6.1\" \/><br \/>\n<input type=\"hidden\" name=\"_wpcf7_locale\" value=\"fr_FR\" \/><br \/>\n<input type=\"hidden\" name=\"_wpcf7_unit_tag\" value=\"wpcf7-f164-o1\" \/><br \/>\n<input type=\"hidden\" name=\"_wpnonce\" value=\"2a2c35e951\" \/>\n<\/div>\n<p><label> Votre nom (obligatoire)<br \/>\n    <span class=\"wpcf7-form-control-wrap your-name\"><input type=\"text\" name=\"your-name\" value=\"\" size=\"40\" class=\"wpcf7-form-control wpcf7-text wpcf7-validates-as-required\" aria-required=\"true\" aria-invalid=\"false\" \/><\/span> <\/label><\/p>\n<p><label> Votre e-mail (obligatoire)<br \/>\n    <span class=\"wpcf7-form-control-wrap your-email\"><input type=\"email\" name=\"your-email\" value=\"\" size=\"40\" class=\"wpcf7-form-control wpcf7-text wpcf7-email wpcf7-validates-as-required wpcf7-validates-as-email\" aria-required=\"true\" aria-invalid=\"false\" \/><\/span> <\/label><\/p>\n<p><label> Sujet<br \/>\n    <span class=\"wpcf7-form-control-wrap your-subject\"><input type=\"text\" name=\"your-subject\" value=\"\" size=\"40\" class=\"wpcf7-form-control wpcf7-text\" aria-invalid=\"false\" \/><\/span> <\/label><\/p>\n<p><label> Votre message<br \/>\n    <span class=\"wpcf7-form-control-wrap your-message\"><textarea name=\"your-message\" cols=\"40\" rows=\"10\" class=\"wpcf7-form-control wpcf7-textarea\" aria-invalid=\"false\"><\/textarea><\/span> <\/label><\/p>\n<p><input type=\"submit\" value=\"Envoyer\" class=\"wpcf7-form-control wpcf7-submit\" \/><\/p>\n<div class=\"wpcf7-response-output wpcf7-display-none\"><\/div>\n<\/form>\n<\/div>\n<\/div>\n<\/div><\/div><\/div><\/div><\/div>","protected":false},"excerpt":{"rendered":"<p>Le cabinet taodao consulte \u00e0 votre domicile, mais aussi en structure m\u00e9dicale ou sur votre lieu de travail.\u00a0 Marie Hignard se d\u00e9place autour de Saint Malo dans un rayon de 60km. &nbsp; Prise de rdv Ainsi, vous pouvez prendre rdv<\/p>\n","protected":false},"author":3,"featured_media":0,"parent":0,"menu_order":0,"comment_status":"closed","ping_status":"closed","template":"","meta":[],"_links":{"self":[{"href":"https:\/\/www.taodao.fr\/index.php\/wp-json\/wp\/v2\/pages\/11"}],"collection":[{"href":"https:\/\/www.taodao.fr\/index.php\/wp-json\/wp\/v2\/pages"}],"about":[{"href":"https:\/\/www.taodao.fr\/index.php\/wp-json\/wp\/v2\/types\/page"}],"author":[{"embeddable":true,"href":"https:\/\/www.taodao.fr\/index.php\/wp-json\/wp\/v2\/users\/3"}],"replies":[{"embeddable":true,"href":"https:\/\/www.taodao.fr\/index.php\/wp-json\/wp\/v2\/comments?post=11"}],"version-history":[{"count":47,"href":"https:\/\/www.taodao.fr\/index.php\/wp-json\/wp\/v2\/pages\/11\/revisions"}],"predecessor-version":[{"id":1151,"href":"https:\/\/www.taodao.fr\/index.php\/wp-json\/wp\/v2\/pages\/11\/revisions\/1151"}],"wp:attachment":[{"href":"https:\/\/www.taodao.fr\/index.php\/wp-json\/wp\/v2\/media?parent=11"}],"curies":[{"name":"wp","href":"https:\/\/api.w.org\/{rel}","templated":true}]}}