{"id":16,"date":"2016-10-06T18:57:30","date_gmt":"2016-10-06T16:57:30","guid":{"rendered":"http:\/\/localhost\/my-site\/wp-taodao\/?page_id=16"},"modified":"2025-07-23T08:07:41","modified_gmt":"2025-07-23T06:07:41","slug":"la-medecine-traditionnelle-chinoise-et-le-shiatsu","status":"publish","type":"page","link":"https:\/\/www.taodao.fr\/index.php\/la-medecine-traditionnelle-chinoise-et-le-shiatsu\/","title":{"rendered":"La M\u00e9decine Traditionnelle Chinoise (MTC) et le Shiatsu"},"content":{"rendered":"<div id=\"pl-16\"  class=\"panel-layout\" ><div id=\"pg-16-0\"  class=\"panel-grid panel-no-style\" ><div id=\"pgc-16-0-0\"  class=\"panel-grid-cell\" ><div id=\"panel-16-0-0-0\" class=\"so-panel widget widget_sow-editor panel-first-child panel-last-child\" data-index=\"0\" ><div\n\t\t\t\n\t\t\tclass=\"so-widget-sow-editor so-widget-sow-editor-base\"\n\t\t\t\n\t\t><h3 class=\"widget-title\">La M\u00e9decine Traditionnelle Chinoise (M.T.C.) et le Shiatsu <\/h3>\n<div class=\"siteorigin-widget-tinymce textwidget\">\n\t<p>la M\u00e9decine Traditionnelle Chinoise et le Shiatsu am\u00e8nent\u00a0l'\u00e9nergie a circuler harmonieusement. Par cons\u00e9quent, le corps se relaxe et l\u2019esprit se d\u00e9tend, cela vous procure alors un \u00e9tat de bien-\u00eatre physique et de mieux-\u00eatre \u00e9motionnel. Ainsi, dans cette qualit\u00e9 de pr\u00e9sence \u00e0 soi-m\u00eame, on commence \u00e0 <a href=\"http:\/\/www.taodao.fr\/index.php\/ma-pratique-la-sante-est-une-affaire-intime\/\"><span style=\"color: #99cc00;\">entretenir son mieux-\u00eatre et vivre bien<\/span><\/a><\/p>\n<h2>La M\u00e9decine Traditionnelle Chinoise ?<\/h2>\n<p><img decoding=\"async\" loading=\"lazy\" class=\"size-medium wp-image-223 alignleft\" src=\"http:\/\/www.taodao.fr\/wp-content\/uploads\/2016\/11\/mtc-300x300.jpg\" alt=\"Marie Hignard, cabinet taodao M\u00e9decine Traditionnelle chinoise \u00e0 Avignon\" width=\"300\" height=\"300\" srcset=\"https:\/\/www.taodao.fr\/wp-content\/uploads\/2016\/11\/mtc-300x300.jpg 300w, https:\/\/www.taodao.fr\/wp-content\/uploads\/2016\/11\/mtc-150x150.jpg 150w, https:\/\/www.taodao.fr\/wp-content\/uploads\/2016\/11\/mtc-270x270.jpg 270w, https:\/\/www.taodao.fr\/wp-content\/uploads\/2016\/11\/mtc-230x230.jpg 230w, https:\/\/www.taodao.fr\/wp-content\/uploads\/2016\/11\/mtc.jpg 600w\" sizes=\"(max-width: 300px) 100vw, 300px\" \/><\/p>\n<p>C'est\u00a0<b>un syst\u00e8me m\u00e9dical\u00a0<\/b>vieux de 5000 ans.\u00a0Son objectif est de trouver <b>l'origine des pathologies<\/b>, de\u00a0<b>soulager les causes<\/b> et enfin d'en <b>diminuer les cons\u00e9quences<\/b> (les sympt\u00f4mes).<\/p>\n<p>De plus, elle utilise ses propres outils pour agir sur l'\u00e9nergie que produit le corps. Notamment, l'acupuncture ou la digipuncture, le Tui Na, la pharmacop\u00e9e, la di\u00e9t\u00e9tique, les ventouses, la moxibustion, le Qi Gong, le Feng Shui et\u00a0 \"l'Art de la chambre\".<\/p>\n<h2>Pour quoi faire ?<\/h2>\n<p>Afin\u00a0pr\u00e9venir et soulager la maladie, la MTC relance la\u00a0circulation de l\u2019\u00e9nergie\u00a0\u00e9labor\u00e9e par le\u00a0corps (le Qi) .<b> Cela\u00a0procure un<strong> \u00e9tat de bien-\u00eatre physique<\/strong>.\u00a0De plus, cette pratique \u00e9nerg\u00e9tique\u00a0envisage\u00a0l'\u00eatre dans son ensemble\u00a0(corps et esprit). Cela am\u00e8ne \u00e0 <strong>un mieux-\u00eatre \u00e9motionnel<\/strong>.<\/b><\/p>\n<h2><span style=\"color: #99cc00;\"><a href=\"http:\/\/www.taodao.fr\/index.php\/seance-de-shiatsu-et-mtc-avec-marie-hignard-a-saint-malo\/\"><span style=\"color: #99cc00;\">Le Qi Gong<\/span><\/a><\/span><\/h2>\n<p>Qi Gong signifie litt\u00e9ralement \u00ab\u00a0exercice (gong) relatif au\u00a0<a href=\"https:\/\/fr.wikipedia.org\/wiki\/Qi_(spiritualit%C3%A9)\">qi<\/a>\u00a0\u00bb, ou \u00ab\u00a0ma\u00eetrise de l'\u00e9nergie vitale\u00a0\u00bb. Il est fond\u00e9 sur <strong>connaissance et la ma\u00eetrise de l'\u00e9nergie corporelle<\/strong>. Ainsi, Cette gymnastique \u00e9nerg\u00e9tique est aussi <strong>une science de la respiration<\/strong>. En poutre, elle se pratique avec des mouvements lents, ou en statique, toujours accompagn\u00e9s par la respiration et une <strong>pr\u00e9sence m\u00e9ditative<\/strong>. Enfin, le Qi Gong\u00a0compte plusieurs branches avec des centaines de styles diff\u00e9rents: le\u00a0qi gong\u00a0th\u00e9rapeutique (pr\u00e9ventif) et m\u00e9dical (curatif),\u00a0\u00a0<a href=\"https:\/\/fr.wikipedia.org\/wiki\/Arts_martiaux\">martial<\/a>, sexuel et le\u00a0qi gong\u00a0spirituel (alchimie tao\u00efste).<\/p>\n<p><strong>Je pratique le <a href=\"http:\/\/www.taodao.fr\/index.php\/seance-de-shiatsu-et-mtc-avec-marie-hignard-a-saint-malo\/\"><span style=\"color: #99cc00;\">Qi Gong th\u00e9rapeutique<\/span><\/a>, en contactant votre Qi, je relance et harmonise les parties et les fonctions du corps \u00e0 soulager, r\u00e9guler ou entretenir.<\/strong><\/p>\n<h2>Le Shiatsu qu\u2019est-ce-que c'est ?<\/h2>\n<p><img decoding=\"async\" loading=\"lazy\" class=\"size-medium wp-image-222 alignleft\" src=\"http:\/\/www.taodao.fr\/wp-content\/uploads\/2016\/11\/mieux-etre-163x300.jpg\" alt=\"Marie Hignard mieux \u00eatre et shiatsu Avignon\" width=\"163\" height=\"300\" srcset=\"https:\/\/www.taodao.fr\/wp-content\/uploads\/2016\/11\/mieux-etre-163x300.jpg 163w, https:\/\/www.taodao.fr\/wp-content\/uploads\/2016\/11\/mieux-etre-555x1024.jpg 555w, https:\/\/www.taodao.fr\/wp-content\/uploads\/2016\/11\/mieux-etre.jpg 600w\" sizes=\"(max-width: 163px) 100vw, 163px\" \/><\/p>\n<p>C'est<b>\u00a0<\/b>est un <b>art de sant\u00e9 traditionnel japonais<\/b>.\u00a0Shiatsu signifie \u00ab pression du doigt \u00bb. Bien que le terme ne soit apparu qu\u2019au XX\u00e8me si\u00e8cle, cette <b>pratique corporelle<\/b> date d\u2019environ 1300 ans (Anma). Aussi, le\u00a0Shiatsu se pratique habill\u00e9. Il est compos\u00e9 d\u2019encha\u00eenements pr\u00e9cis et rigoureux, les \u00ab<b>Katas<\/b>\u00bb. C'est \u00e0 dire un ensemble de\u00a0<b>pressions des paumes ou des doigts<\/b>. Ils sont\u00a0compl\u00e9t\u00e9s par des techniques <b>d\u2019\u00e9tirements, balayages, percussions ou mobilisations.<\/b><\/p>\n<h2>A quoi \u00e7a sert ?<\/h2>\n<p>Les mouvements de pression des Katas <b>relancent les syst\u00e8mes<\/b> nerveux et hormonal. De plus, ils <b>stimulent\u00a0 les circulations<\/b> sanguine, lymphatique et \u00e9nerg\u00e9tique ainsi que le syst\u00e8me <b>immunitaire<\/b>. Les \u00e9tirements, balayages, percussions et mobilisations ont un effet <b>d\u00e9toxinant<\/b>\u00a0et am\u00e8nent de la <b>d\u00e9tente <\/b>au syst\u00e8me musculo-squelettique. De sorte que<b>\u00a0le stress diminue et apporte un bien-\u00eatre psychique, \u00e9motionnel et corporel. <\/b><\/p>\n<p><strong><i>Contre-indication \u00e0 la pratique<\/i>\u00a0:<\/strong>\u00a0 ost\u00e9oporose s\u00e9v\u00e8re, fractures, troubles cardiaques importants (hypertension,...) ou circulatoire (phl\u00e9bite,...), maladies infectieuses, cancers. Les tensions musculaires et osseuses, sla (maladie de Charcot)<\/p>\n<h2>Int\u00e9r\u00eat\u00a0de la MTC et du\u00a0Shiatsu<\/h2>\n<p>Pour ces Sciences,\u00a0<b>le Qi\u00a0<\/b>circule dans l\u2019ensemble du corps au travers d'un r\u00e9seau de canaux interconnect\u00e9s:\u00a0<b>les m\u00e9ridiens\u00a0<\/b>(comme le syst\u00e8me sanguin). Sur ces canaux se trouvent les <b>points d\u2019acupuncture\u00a0<\/b>d\u2019o\u00f9 l'on\u00a0<b>r\u00e9gularise le flux \u00e9nerg\u00e9tique<\/b>.<\/p>\n<p>Le Qi\u00a0(provenant de l\u2019assimilation des aliments, de l\u2019air et de l\u2019hygi\u00e8ne de vie)\u00a0est donc la batterie,\u00a0<b>la pile\u00a0<\/b><b>qui met en mouvement toutes nos fonctions<\/b>\u00a0physiologiques, organiques et psychiques. Sa bonne circulation permet donc de vivre\u00a0harmonieusement.<\/p>\n<h2>Quels bienfaits ?<\/h2>\n<p>Ce sont avant tout des\u00a0<b>pratiques pr\u00e9ventives,<\/b> elles permettent\u00a0<span style=\"color: #99cc00;\">d<a href=\"http:\/\/www.taodao.fr\/index.php\/le-cabinet-taodao\/\"><span style=\"color: #99cc00;\">'entretenir sa sant\u00e9<\/span><\/a>.<\/span>\u00a0De ce fait, votre terrain se corrige\u00a0et\u00a0<strong>contribue \u00e0 l\u2019am\u00e9lioration de votre \u00e9tat de sant\u00e9.<\/strong><\/p>\n<p>Le Shiatsu et la MTC\u00a0<strong>agissent sur les \u00e9tats \u00e9motionnels divers<\/strong> tels que le stress, l\u2019anxi\u00e9t\u00e9, l\u2019hyperactivit\u00e9, la col\u00e8re ou les \u00e9tats d\u00e9pressifs.<\/p>\n<h6>\u00c9viter les maux du stress quotidien<\/h6>\n<p>Troubles digestifs (naus\u00e9es, remont\u00e9es acides\u2026), troubles du transit, c\u00e9phal\u00e9es, vertiges, probl\u00e8mes respiratoires, baisse d\u2019immunit\u00e9, tension, mauvaise circulation sanguine ou lymphatique, douleurs diverses, douleurs de dos, allergies, insomnie, fatigue, d\u00e9pression \u2026<\/p>\n<h6>La Vieillesse est un \u00e9tat de sant\u00e9 qui m\u00e9rite de s'entretenir : la pr\u00e9vention pour le maintien de l'autonomie<\/h6>\n<p>Vieillir est consid\u00e9r\u00e9e g\u00e9n\u00e9ralement comme une fatalit\u00e9. La M\u00e9decine Traditionnelle Chinoise et le Shiatsu abordent la vieillesse comme <b>un \u00e9tat de sant\u00e9 qui m\u00e9rite d'\u00eatre entretenu.<\/b><\/p>\n<p>Ils anticipent les effets de l'\u00e2ge en stimulant les circulations sanguine et lymphatique. Ensuite, pratiquer ralentit la d\u00e9g\u00e9n\u00e9rescence osseuse et soutient le fonctionnement interne du corps. Cela favorise aussi les syst\u00e8mes nerveux et cognitif. De ce fait, l'esprit est plus calme, clair et alerte Ainsi les \u00e9motions sont r\u00e9gul\u00e9es, ce qui permet de conserver l'estime de soi.<br \/>\n<em><b>Anticiper le temps :<\/b><\/em> maladies cardiovasculaires, m\u00e9nopause, andropause, rhumatismes, arthrose, ost\u00e9oporose, troubles du transit, urinaires ou digestifs, douleurs dos-jambes-\u00e9paules, trouble de la m\u00e9moire, anxi\u00e9t\u00e9 \u2026<\/p>\n<h6>Dans les Affections de Longue Dur\u00e9e (A.L.D.) ou les maladies chroniques<\/h6>\n<p>Ces techniques \u00e9nerg\u00e9tiques compl\u00e8tent les autres traitements. Elles participent au ralentissement de l\u2019\u00e9volution de la maladie et soulagent des effets secondaire. Elles apportent aussi de la d\u00e9tente et calment l'esprit.<\/p>\n<h6>En Soins Palliatifs<\/h6>\n<p>Ces pratiques soulagent des effets secondaires des traitements et apaisent l'esprit. Elle accompagnent aussi la personne \u00e0 maintenir sa dignit\u00e9.<\/p>\n<p>&nbsp;<\/p>\n<p style=\"text-align: center;\"><span style=\"color: #99cc00;\"><strong>Toutes les images symboliques de la M\u00e9decine Traditionnelle Chinoise (Qi, Yin-Yang...) sont n\u00e9es du Tao\u00efsme.<\/strong><\/span><br \/>\n<span style=\"color: #99cc00;\"><strong> La MTC nous entra\u00eene dans la spirale de la Vie, o\u00f9 un sympt\u00f4me n'est pas seulement un blocage \u00e0 lib\u00e9rer ou un vide \u00e0 remplir, mais une m\u00e9moire \u00e0 retrouver pour vivre en harmonie dans le pr\u00e9sent.<\/strong><\/span><br \/>\n<span style=\"color: #99cc00;\"><strong> Ainsi, cette science et philosophie nous invite \u00e0 concilier nos contraires et \u00e0 accomplir notre nature primordiale.<\/strong><\/span><\/p>\n<p>&nbsp;<\/p>\n<p><strong><em><span style=\"color: #666666;\"><span style=\"font-family: Lato, sans-serif;\"><span style=\"font-size: medium;\"><i>La M\u00e9decine Traditionnelle Chinoise et le Shiatsu ne peuvent en aucun cas se substituer aux traitements conventionnels, ni \u00e0 une consultation chez un m\u00e9decin. Elles apportent un soutien et un accompagnement,<\/i><\/span><\/span><\/span><\/em><\/strong><\/p>\n<\/div>\n<\/div><\/div><\/div><\/div><\/div>","protected":false},"excerpt":{"rendered":"<p>la M\u00e9decine Traditionnelle Chinoise et le Shiatsu am\u00e8nent\u00a0l&rsquo;\u00e9nergie a circuler harmonieusement. Par cons\u00e9quent, le corps se relaxe et l\u2019esprit se d\u00e9tend, cela vous procure alors un \u00e9tat de bien-\u00eatre physique et de mieux-\u00eatre \u00e9motionnel. Ainsi, dans cette qualit\u00e9 de pr\u00e9sence<\/p>\n","protected":false},"author":3,"featured_media":223,"parent":0,"menu_order":0,"comment_status":"closed","ping_status":"closed","template":"","meta":[],"_links":{"self":[{"href":"https:\/\/www.taodao.fr\/index.php\/wp-json\/wp\/v2\/pages\/16"}],"collection":[{"href":"https:\/\/www.taodao.fr\/index.php\/wp-json\/wp\/v2\/pages"}],"about":[{"href":"https:\/\/www.taodao.fr\/index.php\/wp-json\/wp\/v2\/types\/page"}],"author":[{"embeddable":true,"href":"https:\/\/www.taodao.fr\/index.php\/wp-json\/wp\/v2\/users\/3"}],"replies":[{"embeddable":true,"href":"https:\/\/www.taodao.fr\/index.php\/wp-json\/wp\/v2\/comments?post=16"}],"version-history":[{"count":34,"href":"https:\/\/www.taodao.fr\/index.php\/wp-json\/wp\/v2\/pages\/16\/revisions"}],"predecessor-version":[{"id":1182,"href":"https:\/\/www.taodao.fr\/index.php\/wp-json\/wp\/v2\/pages\/16\/revisions\/1182"}],"wp:featuredmedia":[{"embeddable":true,"href":"https:\/\/www.taodao.fr\/index.php\/wp-json\/wp\/v2\/media\/223"}],"wp:attachment":[{"href":"https:\/\/www.taodao.fr\/index.php\/wp-json\/wp\/v2\/media?parent=16"}],"curies":[{"name":"wp","href":"https:\/\/api.w.org\/{rel}","templated":true}]}}