{"id":21,"date":"2016-10-06T19:06:06","date_gmt":"2016-10-06T17:06:06","guid":{"rendered":"http:\/\/localhost\/my-site\/wp-taodao\/?page_id=21"},"modified":"2025-07-23T07:57:06","modified_gmt":"2025-07-23T05:57:06","slug":"marie-hignard","status":"publish","type":"page","link":"https:\/\/www.taodao.fr\/","title":{"rendered":"taodao"},"content":{"rendered":"<div id=\"pl-21\"  class=\"panel-layout\" ><div id=\"pg-21-0\"  class=\"panel-grid panel-no-style\" ><div id=\"pgc-21-0-0\"  class=\"panel-grid-cell\" ><div id=\"panel-21-0-0-0\" class=\"so-panel widget widget_sow-editor panel-first-child\" data-index=\"0\" ><div\n\t\t\t\n\t\t\tclass=\"so-widget-sow-editor so-widget-sow-editor-base\"\n\t\t\t\n\t\t><h3 class=\"widget-title\">Marie Hignard, Cabinet taodao, M\u00e9decine Traditionnelle Chinoise et Shiatsu \u00e0 Saint Malo<\/h3>\n<div class=\"siteorigin-widget-tinymce textwidget\">\n\t<h5 style=\"text-align: center;\"><span style=\"color: #000000;\">Entretenir son mieux-\u00eatre et vivre bien<\/span><\/h5>\n<h6 style=\"text-align: center;\"><span style=\"color: #000000;\">Offrez vous un moment de bien-\u00eatre corporel et de mieux-\u00eatre \u00e9motionnel !<\/span><\/h6>\n<p style=\"text-align: center;\"><span style=\"color: #000000;\">Marie Hignard vous accompagne \u00e0 devenir autonome dans la gestion de votre stress, de vos \u00e9motions.<\/span><\/p>\n<p style=\"text-align: center;\"><span style=\"color: #000000;\">Je pratique\u00a0<strong><span style=\"color: #99cc00;\"><a style=\"color: #99cc00;\" href=\"http:\/\/www.taodao.fr\/index.php\/la-medecine-traditionnelle-chinoise-et-le-shiatsu\/\">\u00a0La M\u00e9decine Traditionnelle Chinoise (MTC) et le shiatsu<\/a> <\/span><\/strong>pour faire circuler l'\u00e9nergie harmonieusement.<\/span><\/p>\n<p style=\"text-align: center;\"><span style=\"color: #000000;\">Dans ces conditions, votre corps se relaxe, l\u2019esprit se d\u00e9tend, cela procure alors un \u00e9tat de bien-\u00eatre physique et de mieux-\u00eatre \u00e9motionnel.\u00a0\u00a0<\/span><\/p>\n<p style=\"text-align: center;\"><span style=\"color: #000000;\">Dans cette qualit\u00e9 de pr\u00e9sence \u00e0 soi-m\u00eame, vous commencez \u00e0 gouter le<strong> <a style=\"color: #000000;\" href=\"https:\/\/www.taodao.fr\/index.php\/ma-pratique-la-sante-est-une-affaire-intime\/\"><span style=\"color: #99cc00;\">\" vivre bien\"<\/span>.<\/a> <\/strong><\/span><\/p>\n<p style=\"text-align: center;\"><span style=\"color: #000000;\">\"Vivre bien\" c'est d\u00e9couvrir ce qui est juste pour soi, c'est assumer d'\u00eatre mieux.<\/span><\/p>\n<p style=\"text-align: center;\"><span style=\"color: #000000;\">Lors de<span style=\"color: #99cc00;\"><a style=\"color: #99cc00;\" href=\"https:\/\/www.taodao.fr\/index.php\/seance-de-shiatsu-et-mtc-avec-marie-hignard-a-saint-malo\/\"> la s\u00e9ance<\/a>, <\/span>je vais vous transmettre <span style=\"color: #99cc00;\"><a style=\"color: #99cc00;\" href=\"https:\/\/www.taodao.fr\/index.php\/2020\/10\/02\/revenir-centre-sy-ancrer\/\"><strong>les outils<\/strong><\/a><\/span> pour devenir autonome dans la gestion de vos stress et pour\u00a0<strong><span style=\"color: #99cc00;\"><a style=\"color: #99cc00;\" href=\"http:\/\/www.taodao.fr\/index.php\/ma-pratique-la-sante-est-une-affaire-intime\/\">\u00a0<\/a><a style=\"color: #99cc00;\" href=\"http:\/\/www.taodao.fr\/index.php\/ma-pratique-la-sante-est-une-affaire-intime\/\">entretenir votre mieux-\u00eatre.<\/a><\/span><\/strong><\/span><\/p>\n<p>&nbsp;<\/p>\n<p style=\"text-align: center;\"><strong><em><span style=\"color: #99cc00;\">\"Le bon praticien\u00a0n\u2019est plus celui qui gu\u00e9rit la maladie, mais celui qui permet de retrouver en soi cette part du Tao,\u00a0<\/span><span style=\"color: #000000;\"><span style=\"color: #99cc00;\">cette \" petite musique qui nous vient de l\u2019origine\"\u00a0<\/span><\/span><\/em><span style=\"color: #000000;\"><br \/>\n<\/span><\/strong><\/p>\n<p><img decoding=\"async\" loading=\"lazy\" class=\"aligncenter size-full wp-image-1164\" src=\"http:\/\/www.taodao.fr\/wp-content\/uploads\/2025\/06\/logo-petit.png\" alt=\"\" width=\"150\" height=\"154\" \/><\/p>\n<p>&nbsp;<\/p>\n<p style=\"text-align: center;\"><span style=\"color: #ff0000;\"><em><strong>Le cabinet taodao intervient \u00e0 votre domicile, se d\u00e9place aussi <\/strong><\/em><\/span><span style=\"color: #ff0000;\"><em><strong>en structure m\u00e9dicale ou sur votre lieu de travail. <\/strong><\/em><\/span><\/p>\n<p style=\"text-align: center;\"><span style=\"color: #ff0000;\"><em><strong>Marie Hignard pratique dans un rayon de 30km autour de Saint Malo.<\/strong><\/em><\/span><\/p>\n<p style=\"text-align: center;\"><span style=\"color: #ff0000;\"><em><strong> <span style=\"color: #ff0000;\"><a style=\"color: #ff0000;\" href=\"https:\/\/www.taodao.fr\/index.php\/tarifs-et-bons-cadeaux-pour-les-seances-dmtc-et-shiatsu\/\">Tarifs et bons cadeaux<\/a><\/span><\/strong><\/em><\/span><\/p>\n<p>&nbsp;<\/p>\n<p><strong><em><span style=\"color: #666666;\"><span style=\"font-family: Lato, sans-serif;\"><span style=\"font-size: medium;\"><i>La M\u00e9decine Traditionnelle Chinoise et le Shiatsu ne peuvent en aucun cas se substituer aux traitements m\u00e9dicaux, ni \u00e0 une consultation chez un m\u00e9decin. Elles apportent un soutien et un accompagnement.<\/i><\/span><\/span><\/span><\/em><\/strong><\/p>\n<\/div>\n<\/div><\/div><div id=\"panel-21-0-0-1\" class=\"so-panel widget widget_spacious_service_widget widget_service_block panel-last-child\" data-index=\"1\" >\t\t\t\t\t<div class=\"tg-one-third\">\r\n\t\t\t\t<div class=\"service-image\"><img width=\"600\" height=\"300\" src=\"https:\/\/www.taodao.fr\/wp-content\/uploads\/2016\/11\/qsn-600x300.jpg\" class=\"attachment-featured size-featured wp-post-image\" alt=\"Marie Hignard\" decoding=\"async\" loading=\"lazy\" title=\"Marie Hignard\" \/><\/div>\t\t\t\t<h3 class=\"widget-title\">\t\t\t\t<a title=\"Marie Hignard\" href=\"https:\/\/www.taodao.fr\/index.php\/marie-hignard-medecine-traditionnelle-chinoise-et-shiatsu-en-saint-malo\/\">Marie Hignard<\/a><\/h3>\t\t\t\t<p>Marie Hignard, je suis Praticienne en M\u00e9decine traditionnelle Chinoise et Shiatsu sur Saint Malo. Je suis sp\u00e9cialis\u00e9e en soins palliatifs (SP), affections de longue dur\u00e9e (ALD) et maladies chroniques. Mes dipl\u00f4mes en M.T.C. &#8211; \u00e9cole S.F.E.R.E &#8211; Aix en Provence<\/p>\n\t\t\t\t<div class=\"more-link-wrap\">\r\n\t\t\t\t\t<a class=\"more-link\" title=\"Marie Hignard\" href=\"https:\/\/www.taodao.fr\/index.php\/marie-hignard-medecine-traditionnelle-chinoise-et-shiatsu-en-saint-malo\/\">Lire la suite<\/a>\r\n\t\t\t\t<\/div>\r\n\t\t\t<\/div>\r\n\t\t\t\t\t\t\t\t<div class=\"tg-one-third\">\r\n\t\t\t\t<div class=\"service-image\"><img width=\"600\" height=\"300\" src=\"https:\/\/www.taodao.fr\/wp-content\/uploads\/2018\/02\/ma-pratique-600x300.jpg\" class=\"attachment-featured size-featured wp-post-image\" alt=\"Ma pratique\" decoding=\"async\" loading=\"lazy\" title=\"Ma pratique\" srcset=\"https:\/\/www.taodao.fr\/wp-content\/uploads\/2018\/02\/ma-pratique.jpg 600w, https:\/\/www.taodao.fr\/wp-content\/uploads\/2018\/02\/ma-pratique-300x150.jpg 300w\" sizes=\"(max-width: 600px) 100vw, 600px\" \/><\/div>\t\t\t\t<h3 class=\"widget-title\">\t\t\t\t<a title=\"Ma pratique\" href=\"https:\/\/www.taodao.fr\/index.php\/ma-pratique-la-sante-une-affaire-intime\/\">Ma pratique<\/a><\/h3>\t\t\t\t<p>Entretenir son mieux-\u00eatre et vivre bien : La sant\u00e9 est une affaire intime Ma pratique s&rsquo;appuie sur l&rsquo;id\u00e9e que nous sommes actrice\/acteur de notre sant\u00e9. De plus, la relation que nous entretenons avec notre sant\u00e9 est une relation d&rsquo;intimit\u00e9. \u00ab\u00a0La<\/p>\n\t\t\t\t<div class=\"more-link-wrap\">\r\n\t\t\t\t\t<a class=\"more-link\" title=\"Ma pratique\" href=\"https:\/\/www.taodao.fr\/index.php\/ma-pratique-la-sante-une-affaire-intime\/\">Lire la suite<\/a>\r\n\t\t\t\t<\/div>\r\n\t\t\t<\/div>\r\n\t\t\t\t\t\t\t\t<div class=\"tg-one-third\">\r\n\t\t\t\t<div class=\"service-image\"><img width=\"600\" height=\"300\" src=\"https:\/\/www.taodao.fr\/wp-content\/uploads\/2016\/11\/cabinet2-600x300.jpg\" class=\"attachment-featured size-featured wp-post-image\" alt=\"S\u00e9ance de Shiatsu et M\u00e9decine Traditionnelle Chinoise\" decoding=\"async\" loading=\"lazy\" title=\"S\u00e9ance de Shiatsu et M\u00e9decine Traditionnelle Chinoise\" \/><\/div>\t\t\t\t<h3 class=\"widget-title\">\t\t\t\t<a title=\"S\u00e9ance de Shiatsu et M\u00e9decine Traditionnelle Chinoise\" href=\"https:\/\/www.taodao.fr\/index.php\/seance-de-shiatsu-et-mtc-avec-marie-hignard-a-saint-malo\/\">S\u00e9ance de Shiatsu et M\u00e9decine Traditionnelle Chinoise<\/a><\/h3>\t\t\t\t<p>Bien que je maitrise les diff\u00e9rentes techniques de M\u00e9decine Traditionnelle Chinoise, je pratique aujourd\u2019hui essentiellement le\u00a0Qi Gong Th\u00e9rapeutique\u00a0et le Shiatsu\u00a0. Le Cabinet taodao propose aussi du modelage \u00e0 l\u2019huile. D\u00e9roulement d\u2019une s\u00e9ance La M\u00e9decine Traditionnelle Chinoise et le Shiatsu envisagent\u00a0la<\/p>\n\t\t\t\t<div class=\"more-link-wrap\">\r\n\t\t\t\t\t<a class=\"more-link\" title=\"S\u00e9ance de Shiatsu et M\u00e9decine Traditionnelle Chinoise\" href=\"https:\/\/www.taodao.fr\/index.php\/seance-de-shiatsu-et-mtc-avec-marie-hignard-a-saint-malo\/\">Lire la suite<\/a>\r\n\t\t\t\t<\/div>\r\n\t\t\t<\/div>\r\n\t\t\t\t\t\t\t<\/div><\/div><\/div><div id=\"pg-21-1\"  class=\"panel-grid panel-has-style\" ><div class=\"panel-row-style panel-row-style-for-21-1\" ><div id=\"pgc-21-1-0\"  class=\"panel-grid-cell\" ><div id=\"panel-21-1-0-0\" class=\"so-panel widget widget_sow-post-carousel panel-first-child panel-last-child\" data-index=\"2\" ><div\n\t\t\t\n\t\t\tclass=\"so-widget-sow-post-carousel so-widget-sow-post-carousel-base-16185f985534-353\"\n\t\t\t\n\t\t>\t<div\n\t\tclass=\"sow-post-carousel-wrapper sow-post-carousel-theme-base\"\n\t\tstyle=\"overflow: hidden; max-width: 100%; min-height: 182px\"\n\t>\n\t\t<div class=\"sow-carousel-title\">\n\t\t\t<div class=\"sow-carousel-navigation \">\n\t\t\t\t\t\t<a href=\"#\" class=\"sow-carousel-next\" title=\"Suivant\" aria-label=\"Next Posts\" role=\"button\"><\/a>\n\t\t\t\t\t\t<a href=\"#\" class=\"sow-carousel-previous\" title=\"Pr\u00e9c\u00e9dent\" aria-label=\"Previous Posts\" role=\"button\"><\/a>\n\t\t\t\t\t<\/div>\n\t<\/div>\n\n<div class=\"sow-carousel-container \">\n\t\t<div class=\"sow-carousel-wrapper\"\n\t\tdata-dir=\"ltr\"\n\t\tstyle=\"opacity: 0;\"\n\t\tdata-widget=\"post\" data-fetching=\"false\" data-page=\"1\" data-ajax-url=\"https:\/\/www.taodao.fr\/wp-admin\/admin-ajax.php?_widgets_nonce=78afd62f24\" data-item_count=\"6\" data-carousel_settings=\"{&quot;loop&quot;:true,&quot;animation&quot;:&quot;ease&quot;,&quot;animation_speed&quot;:800,&quot;autoplay&quot;:false,&quot;pauseOnHover&quot;:false,&quot;autoplaySpeed&quot;:8000,&quot;item_overflow&quot;:true,&quot;autoplay_continuous_scroll&quot;:false}\" data-responsive=\"{&quot;desktop_slides_to_scroll&quot;:1,&quot;tablet_landscape_breakpoint&quot;:1366,&quot;tablet_landscape_slides_to_scroll&quot;:2,&quot;tablet_portrait_breakpoint&quot;:1025,&quot;tablet_portrait_slides_to_scroll&quot;:2,&quot;mobile_breakpoint&quot;:480,&quot;mobile_slides_to_scroll&quot;:1}\" data-variable_width=\"true\" \t>\n\t\t<div\n\t\t\tclass=\"sow-carousel-items\"\n\t\t\t\t\t>\n\t\t\t\t<div class=\"sow-carousel-item\" tabindex=\"-1\" style=\"float: left;\">\n\t\t<div class=\"sow-carousel-thumbnail\">\n\t\t\t\t\t\t\t<a\n\t\t\t\t\thref=\"https:\/\/www.taodao.fr\/index.php\/2020\/10\/02\/revenir-centre-sy-ancrer\/\"\n\t\t\t\t\t\t\t\t\t\tstyle=\"background-image: url( https:\/\/www.taodao.fr\/wp-content\/uploads\/2020\/10\/DSC_0107-e1637268791318.jpg )\"\n\t\t\t\t\taria-labelledby=\"sow-carousel-id-408\"\n\t\t\t\t\ttabindex=\"-1\"\n\t\t\t\t>\n\t\t\t\t\t<span class=\"overlay\"><\/span>\n\t\t\t\t<\/a>\n\t\t\t\t\t<\/div>\n\t\t<h3 class=\"sow-carousel-item-title\">\n\t\t\t<a\n\t\t\t\thref=\"https:\/\/www.taodao.fr\/index.php\/2020\/10\/02\/revenir-centre-sy-ancrer\/\"\n\t\t\t\tid=\"sow-carousel-id-408\"\n\t\t\t\t\t\t\t\ttabindex=\"-1\"\n\t\t\t>\n\n\t\t\t\tREVENIR AU CENTRE ET S&rsquo;Y ANCRER\t\t\t<\/a>\n\t\t<\/h3>\n\t<\/div>\n\t<div class=\"sow-carousel-item\" tabindex=\"-1\" style=\"float: left;\">\n\t\t<div class=\"sow-carousel-thumbnail\">\n\t\t\t\t\t\t\t<a\n\t\t\t\t\thref=\"https:\/\/www.taodao.fr\/index.php\/2017\/01\/19\/medecine-traditionnelle-chinoise-5-saisons-intersaison-de-la-terre\/\"\n\t\t\t\t\t\t\t\t\t\tstyle=\"background-image: url( https:\/\/www.taodao.fr\/wp-content\/uploads\/2017\/02\/16179658_885221718278940_2728402016289096937_o-272x182.jpg )\"\n\t\t\t\t\taria-labelledby=\"sow-carousel-id-313\"\n\t\t\t\t\ttabindex=\"-1\"\n\t\t\t\t>\n\t\t\t\t\t<span class=\"overlay\"><\/span>\n\t\t\t\t<\/a>\n\t\t\t\t\t<\/div>\n\t\t<h3 class=\"sow-carousel-item-title\">\n\t\t\t<a\n\t\t\t\thref=\"https:\/\/www.taodao.fr\/index.php\/2017\/01\/19\/medecine-traditionnelle-chinoise-5-saisons-intersaison-de-la-terre\/\"\n\t\t\t\tid=\"sow-carousel-id-313\"\n\t\t\t\t\t\t\t\ttabindex=\"-1\"\n\t\t\t>\n\n\t\t\t\tLes 5 saisons \u00e9nerg\u00e9tiques :  l&rsquo;intersaison de la Terre\t\t\t<\/a>\n\t\t<\/h3>\n\t<\/div>\n\t<div class=\"sow-carousel-item\" tabindex=\"-1\" style=\"float: left;\">\n\t\t<div class=\"sow-carousel-thumbnail\">\n\t\t\t\t\t\t\t<a\n\t\t\t\t\thref=\"https:\/\/www.taodao.fr\/index.php\/2016\/11\/16\/aikido-stage-keiko\/\"\n\t\t\t\t\t\t\t\t\t\tstyle=\"background-image: url( https:\/\/www.taodao.fr\/wp-content\/uploads\/2016\/11\/stage-keiko-novembre-2016-272x182.jpg )\"\n\t\t\t\t\taria-labelledby=\"sow-carousel-id-192\"\n\t\t\t\t\ttabindex=\"-1\"\n\t\t\t\t>\n\t\t\t\t\t<span class=\"overlay\"><\/span>\n\t\t\t\t<\/a>\n\t\t\t\t\t<\/div>\n\t\t<h3 class=\"sow-carousel-item-title\">\n\t\t\t<a\n\t\t\t\thref=\"https:\/\/www.taodao.fr\/index.php\/2016\/11\/16\/aikido-stage-keiko\/\"\n\t\t\t\tid=\"sow-carousel-id-192\"\n\t\t\t\t\t\t\t\ttabindex=\"-1\"\n\t\t\t>\n\n\t\t\t\tA\u00efkido &#8211; Stage Keiko\t\t\t<\/a>\n\t\t<\/h3>\n\t<\/div>\n\t<div class=\"sow-carousel-item\" tabindex=\"-1\" style=\"float: left;\">\n\t\t<div class=\"sow-carousel-thumbnail\">\n\t\t\t\t\t\t\t<a\n\t\t\t\t\thref=\"https:\/\/www.taodao.fr\/index.php\/2016\/11\/16\/lart-de-la-sexualite\/\"\n\t\t\t\t\t\t\t\t\t\tstyle=\"background-image: url( https:\/\/www.taodao.fr\/wp-content\/uploads\/2016\/11\/12745457_713237932143987_3673086004403111564_n-272x182.jpg )\"\n\t\t\t\t\taria-labelledby=\"sow-carousel-id-182\"\n\t\t\t\t\ttabindex=\"-1\"\n\t\t\t\t>\n\t\t\t\t\t<span class=\"overlay\"><\/span>\n\t\t\t\t<\/a>\n\t\t\t\t\t<\/div>\n\t\t<h3 class=\"sow-carousel-item-title\">\n\t\t\t<a\n\t\t\t\thref=\"https:\/\/www.taodao.fr\/index.php\/2016\/11\/16\/lart-de-la-sexualite\/\"\n\t\t\t\tid=\"sow-carousel-id-182\"\n\t\t\t\t\t\t\t\ttabindex=\"-1\"\n\t\t\t>\n\n\t\t\t\tL&rsquo;ART DE LA SEXUALIT\u00c9, DE LA RENCONTRE \u00c0 L&rsquo;ENTRETIENT DE LA SANT\u00c9\t\t\t<\/a>\n\t\t<\/h3>\n\t<\/div>\n\t<div class=\"sow-carousel-item\" tabindex=\"-1\" style=\"float: left;\">\n\t\t<div class=\"sow-carousel-thumbnail\">\n\t\t\t\t\t\t\t<a\n\t\t\t\t\thref=\"https:\/\/www.taodao.fr\/index.php\/2016\/11\/16\/8-merveilleux-vaisseaux-8-curieux-8-meridiens-extraordinaires\/\"\n\t\t\t\t\t\t\t\t\t\tstyle=\"background-image: url( https:\/\/www.taodao.fr\/wp-content\/uploads\/2016\/11\/mtc-272x182.jpg )\"\n\t\t\t\t\taria-labelledby=\"sow-carousel-id-178\"\n\t\t\t\t\ttabindex=\"-1\"\n\t\t\t\t>\n\t\t\t\t\t<span class=\"overlay\"><\/span>\n\t\t\t\t<\/a>\n\t\t\t\t\t<\/div>\n\t\t<h3 class=\"sow-carousel-item-title\">\n\t\t\t<a\n\t\t\t\thref=\"https:\/\/www.taodao.fr\/index.php\/2016\/11\/16\/8-merveilleux-vaisseaux-8-curieux-8-meridiens-extraordinaires\/\"\n\t\t\t\tid=\"sow-carousel-id-178\"\n\t\t\t\t\t\t\t\ttabindex=\"-1\"\n\t\t\t>\n\n\t\t\t\tLes 8 merveilleux vaisseaux\t\t\t<\/a>\n\t\t<\/h3>\n\t<\/div>\n\t<div class=\"sow-carousel-item\" tabindex=\"-1\" style=\"float: left;\">\n\t\t<div class=\"sow-carousel-thumbnail\">\n\t\t\t\t\t\t\t<a\n\t\t\t\t\thref=\"https:\/\/www.taodao.fr\/index.php\/2016\/11\/01\/traditionnal-chinese-arts-academy-zen-et-dynamique\/\"\n\t\t\t\t\t\t\t\t\t\tstyle=\"background-image: url( https:\/\/www.taodao.fr\/wp-content\/uploads\/2016\/11\/ZEN-ET-DYNAMIQUE-272x182.jpg )\"\n\t\t\t\t\taria-labelledby=\"sow-carousel-id-86\"\n\t\t\t\t\ttabindex=\"-1\"\n\t\t\t\t>\n\t\t\t\t\t<span class=\"overlay\"><\/span>\n\t\t\t\t<\/a>\n\t\t\t\t\t<\/div>\n\t\t<h3 class=\"sow-carousel-item-title\">\n\t\t\t<a\n\t\t\t\thref=\"https:\/\/www.taodao.fr\/index.php\/2016\/11\/01\/traditionnal-chinese-arts-academy-zen-et-dynamique\/\"\n\t\t\t\tid=\"sow-carousel-id-86\"\n\t\t\t\t\t\t\t\ttabindex=\"-1\"\n\t\t\t>\n\n\t\t\t\tTraditional Chinese Arts Academy : Zen et Dynamique\t\t\t<\/a>\n\t\t<\/h3>\n\t<\/div>\n\t\t<\/div>\n\t\t\t<\/div>\n\n\t<\/div>\n\t\t<input type=\"hidden\" name=\"instance_hash\" value=\"3dd2a894\"\/>\n\t<\/div>\n<\/div><\/div><\/div><\/div><\/div><\/div>","protected":false},"excerpt":{"rendered":"<p>Marie Hignard, Cabinet taodao, M\u00e9decine Traditionnelle Chinoise et Shiatsu \u00e0 Saint Malo Entretenir son mieux-\u00eatre et vivre bien Offrez vous un moment de bien-\u00eatre corporel et de mieux-\u00eatre \u00e9motionnel ! Marie Hignard vous accompagne \u00e0 devenir autonome dans la gestion<\/p>\n","protected":false},"author":3,"featured_media":0,"parent":0,"menu_order":0,"comment_status":"closed","ping_status":"closed","template":"","meta":[],"_links":{"self":[{"href":"https:\/\/www.taodao.fr\/index.php\/wp-json\/wp\/v2\/pages\/21"}],"collection":[{"href":"https:\/\/www.taodao.fr\/index.php\/wp-json\/wp\/v2\/pages"}],"about":[{"href":"https:\/\/www.taodao.fr\/index.php\/wp-json\/wp\/v2\/types\/page"}],"author":[{"embeddable":true,"href":"https:\/\/www.taodao.fr\/index.php\/wp-json\/wp\/v2\/users\/3"}],"replies":[{"embeddable":true,"href":"https:\/\/www.taodao.fr\/index.php\/wp-json\/wp\/v2\/comments?post=21"}],"version-history":[{"count":222,"href":"https:\/\/www.taodao.fr\/index.php\/wp-json\/wp\/v2\/pages\/21\/revisions"}],"predecessor-version":[{"id":1176,"href":"https:\/\/www.taodao.fr\/index.php\/wp-json\/wp\/v2\/pages\/21\/revisions\/1176"}],"wp:attachment":[{"href":"https:\/\/www.taodao.fr\/index.php\/wp-json\/wp\/v2\/media?parent=21"}],"curies":[{"name":"wp","href":"https:\/\/api.w.org\/{rel}","templated":true}]}}