{"id":23,"date":"2016-10-06T19:37:32","date_gmt":"2016-10-06T17:37:32","guid":{"rendered":"http:\/\/localhost\/my-site\/wp-taodao\/?page_id=23"},"modified":"2022-08-04T23:56:40","modified_gmt":"2022-08-04T21:56:40","slug":"mes-domaines-de-competences","status":"publish","type":"page","link":"https:\/\/www.taodao.fr\/index.php\/mes-domaines-de-competences\/","title":{"rendered":"Mes domaines de comp\u00e9tences"},"content":{"rendered":"<div id=\"pl-23\"  class=\"panel-layout\" ><div id=\"pg-23-0\"  class=\"panel-grid panel-no-style\" ><div id=\"pgc-23-0-0\"  class=\"panel-grid-cell\" ><div id=\"panel-23-0-0-0\" class=\"so-panel widget widget_spacious_service_widget widget_service_block panel-first-child panel-last-child\" data-index=\"0\" >\t\t\t\t\t<div class=\"tg-one-third\">\r\n\t\t\t\t<div class=\"service-image\"><img width=\"600\" height=\"300\" src=\"https:\/\/www.taodao.fr\/wp-content\/uploads\/2018\/02\/ma-pratique-600x300.jpg\" class=\"attachment-featured size-featured wp-post-image\" alt=\"Ma pratique\" decoding=\"async\" loading=\"lazy\" title=\"Ma pratique\" srcset=\"https:\/\/www.taodao.fr\/wp-content\/uploads\/2018\/02\/ma-pratique.jpg 600w, https:\/\/www.taodao.fr\/wp-content\/uploads\/2018\/02\/ma-pratique-300x150.jpg 300w\" sizes=\"(max-width: 600px) 100vw, 600px\" \/><\/div>\t\t\t\t<h3 class=\"widget-title\">\t\t\t\t<a title=\"Ma pratique\" href=\"https:\/\/www.taodao.fr\/index.php\/ma-pratique-la-sante-une-affaire-intime\/\">Ma pratique<\/a><\/h3>\t\t\t\t<p>Entretenir son mieux-\u00eatre et vivre bien : La sant\u00e9 est une affaire intime Ma pratique s&rsquo;appuie sur l&rsquo;id\u00e9e que nous sommes actrice\/acteur de notre sant\u00e9. De plus, la relation que nous entretenons avec notre sant\u00e9 est une relation d&rsquo;intimit\u00e9. \u00ab\u00a0La<\/p>\n\t\t\t\t<div class=\"more-link-wrap\">\r\n\t\t\t\t\t<a class=\"more-link\" title=\"Ma pratique\" href=\"https:\/\/www.taodao.fr\/index.php\/ma-pratique-la-sante-une-affaire-intime\/\">Lire la suite<\/a>\r\n\t\t\t\t<\/div>\r\n\t\t\t<\/div>\r\n\t\t\t\t\t\t\t\t<div class=\"tg-one-third\">\r\n\t\t\t\t<div class=\"service-image\"><img width=\"642\" height=\"300\" src=\"https:\/\/www.taodao.fr\/wp-content\/uploads\/2016\/11\/accompagnement-therapeutique-1-642x300.jpg\" class=\"attachment-featured size-featured wp-post-image\" alt=\"L&rsquo;accompagnement et la pr\u00e9vention th\u00e9rapeutique\" decoding=\"async\" loading=\"lazy\" title=\"L&rsquo;accompagnement et la pr\u00e9vention th\u00e9rapeutique\" srcset=\"https:\/\/www.taodao.fr\/wp-content\/uploads\/2016\/11\/accompagnement-therapeutique-1-642x300.jpg 642w, https:\/\/www.taodao.fr\/wp-content\/uploads\/2016\/11\/accompagnement-therapeutique-1-750x350.jpg 750w\" sizes=\"(max-width: 642px) 100vw, 642px\" \/><\/div>\t\t\t\t<h3 class=\"widget-title\">\t\t\t\t<a title=\"L&rsquo;accompagnement et la pr\u00e9vention th\u00e9rapeutique\" href=\"https:\/\/www.taodao.fr\/index.php\/laccompagnement-et-la-prevention-therapeutique\/\">L&rsquo;accompagnement et la pr\u00e9vention th\u00e9rapeutique<\/a><\/h3>\t\t\t\t<p>La M\u00e9decine Traditionnelle Chinoise et le Shiatsu permettent de limiter, de diminuer les cons\u00e9quences de la maladie et de pr\u00e9venir les rechutes. Ils accompagnent le malade (souvent chronique) \u00e0 devenir l\u2019acteur de sa maladie et \u00e0 retrouver une qualit\u00e9 de<\/p>\n\t\t\t\t<div class=\"more-link-wrap\">\r\n\t\t\t\t\t<a class=\"more-link\" title=\"L&rsquo;accompagnement et la pr\u00e9vention th\u00e9rapeutique\" href=\"https:\/\/www.taodao.fr\/index.php\/laccompagnement-et-la-prevention-therapeutique\/\">Lire la suite<\/a>\r\n\t\t\t\t<\/div>\r\n\t\t\t<\/div>\r\n\t\t\t\t\t\t\t\t<div class=\"tg-one-third\">\r\n\t\t\t\t<div class=\"service-image\"><img width=\"642\" height=\"300\" src=\"https:\/\/www.taodao.fr\/wp-content\/uploads\/2016\/11\/prevention-risques-sociaux-professionnesl-642x300.jpg\" class=\"attachment-featured size-featured wp-post-image\" alt=\"Le Shiatsu pour pr\u00e9venir les risques sociaux-professionnels\" decoding=\"async\" loading=\"lazy\" title=\"Le Shiatsu pour pr\u00e9venir les risques sociaux-professionnels\" srcset=\"https:\/\/www.taodao.fr\/wp-content\/uploads\/2016\/11\/prevention-risques-sociaux-professionnesl-642x300.jpg 642w, https:\/\/www.taodao.fr\/wp-content\/uploads\/2016\/11\/prevention-risques-sociaux-professionnesl-750x350.jpg 750w\" sizes=\"(max-width: 642px) 100vw, 642px\" \/><\/div>\t\t\t\t<h3 class=\"widget-title\">\t\t\t\t<a title=\"Le Shiatsu pour pr\u00e9venir les risques sociaux-professionnels\" href=\"https:\/\/www.taodao.fr\/index.php\/la-prevention-des-risques-sociaux-professionnels-en-entreprise\/\">Le Shiatsu pour pr\u00e9venir les risques sociaux-professionnels<\/a><\/h3>\t\t\t\t<p>Le Shiatsu est un merveilleux outils pour pr\u00e9venir les risques sociaux-professionnels Marie Hignard utilise le Shiatsu pour pr\u00e9venir les risques sociaux-professionnels en apportant du mieux-\u00eatre \u00e0 vos employ\u00e9s et donc la sant\u00e9 \u00e0 votre entreprise ! Les sympt\u00f4mes du \u00abmauvais<\/p>\n\t\t\t\t<div class=\"more-link-wrap\">\r\n\t\t\t\t\t<a class=\"more-link\" title=\"Le Shiatsu pour pr\u00e9venir les risques sociaux-professionnels\" href=\"https:\/\/www.taodao.fr\/index.php\/la-prevention-des-risques-sociaux-professionnels-en-entreprise\/\">Lire la suite<\/a>\r\n\t\t\t\t<\/div>\r\n\t\t\t<\/div>\r\n\t\t\t\t\t\t\t<\/div><\/div><\/div><\/div>","protected":false},"excerpt":{"rendered":"<p>Le Shiatsu est un merveilleux outils pour pr\u00e9venir les risques sociaux-professionnels Marie Hignard utilise le Shiatsu pour pr\u00e9venir les risques sociaux-professionnels en apportant du mieux-\u00eatre \u00e0 vos employ\u00e9s et donc la sant\u00e9 \u00e0 votre entreprise ! Les sympt\u00f4mes du \u00abmauvais<\/p>\n","protected":false},"author":3,"featured_media":0,"parent":0,"menu_order":0,"comment_status":"closed","ping_status":"closed","template":"","meta":[],"_links":{"self":[{"href":"https:\/\/www.taodao.fr\/index.php\/wp-json\/wp\/v2\/pages\/23"}],"collection":[{"href":"https:\/\/www.taodao.fr\/index.php\/wp-json\/wp\/v2\/pages"}],"about":[{"href":"https:\/\/www.taodao.fr\/index.php\/wp-json\/wp\/v2\/types\/page"}],"author":[{"embeddable":true,"href":"https:\/\/www.taodao.fr\/index.php\/wp-json\/wp\/v2\/users\/3"}],"replies":[{"embeddable":true,"href":"https:\/\/www.taodao.fr\/index.php\/wp-json\/wp\/v2\/comments?post=23"}],"version-history":[{"count":6,"href":"https:\/\/www.taodao.fr\/index.php\/wp-json\/wp\/v2\/pages\/23\/revisions"}],"predecessor-version":[{"id":912,"href":"https:\/\/www.taodao.fr\/index.php\/wp-json\/wp\/v2\/pages\/23\/revisions\/912"}],"wp:attachment":[{"href":"https:\/\/www.taodao.fr\/index.php\/wp-json\/wp\/v2\/media?parent=23"}],"curies":[{"name":"wp","href":"https:\/\/api.w.org\/{rel}","templated":true}]}}