{"id":28,"date":"2016-10-06T19:44:57","date_gmt":"2016-10-06T17:44:57","guid":{"rendered":"http:\/\/localhost\/my-site\/wp-taodao\/?page_id=28"},"modified":"2022-08-07T00:56:56","modified_gmt":"2022-08-06T22:56:56","slug":"la-prevention-des-risques-sociaux-professionnels-en-entreprise","status":"publish","type":"page","link":"https:\/\/www.taodao.fr\/index.php\/la-prevention-des-risques-sociaux-professionnels-en-entreprise\/","title":{"rendered":"Le Shiatsu pour pr\u00e9venir les risques sociaux-professionnels"},"content":{"rendered":"<div id=\"pl-28\"  class=\"panel-layout\" ><div id=\"pg-28-0\"  class=\"panel-grid panel-no-style\" ><div id=\"pgc-28-0-0\"  class=\"panel-grid-cell\" ><div id=\"panel-28-0-0-0\" class=\"so-panel widget widget_sow-image panel-first-child\" data-index=\"0\" ><div\n\t\t\t\n\t\t\tclass=\"so-widget-sow-image so-widget-sow-image-default-8b5b6f678277-28\"\n\t\t\t\n\t\t>\n\n<div class=\"sow-image-container\">\n\t\t<img src=\"https:\/\/www.taodao.fr\/wp-content\/uploads\/2016\/11\/prevention-risque-psychosociaux.jpg\" width=\"600\" height=\"883\" srcset=\"https:\/\/www.taodao.fr\/wp-content\/uploads\/2016\/11\/prevention-risque-psychosociaux.jpg 600w, https:\/\/www.taodao.fr\/wp-content\/uploads\/2016\/11\/prevention-risque-psychosociaux-204x300.jpg 204w\" sizes=\"(max-width: 600px) 100vw, 600px\" alt=\"\" loading=\"lazy\" \t\tclass=\"so-widget-image\"\/>\n\t<\/div>\n\n<\/div><\/div><div id=\"panel-28-0-0-1\" class=\"so-panel widget widget_sow-image panel-last-child\" data-index=\"1\" ><div\n\t\t\t\n\t\t\tclass=\"so-widget-sow-image so-widget-sow-image-default-8b5b6f678277-28\"\n\t\t\t\n\t\t>\n\n<div class=\"sow-image-container\">\n\t\t<img src=\"https:\/\/www.taodao.fr\/wp-content\/uploads\/2016\/11\/prevention-risque-psychosociaux2.jpg\" width=\"600\" height=\"1127\" srcset=\"https:\/\/www.taodao.fr\/wp-content\/uploads\/2016\/11\/prevention-risque-psychosociaux2.jpg 600w, https:\/\/www.taodao.fr\/wp-content\/uploads\/2016\/11\/prevention-risque-psychosociaux2-160x300.jpg 160w, https:\/\/www.taodao.fr\/wp-content\/uploads\/2016\/11\/prevention-risque-psychosociaux2-545x1024.jpg 545w\" sizes=\"(max-width: 600px) 100vw, 600px\" alt=\"\" loading=\"lazy\" \t\tclass=\"so-widget-image\"\/>\n\t<\/div>\n\n<\/div><\/div><\/div><div id=\"pgc-28-0-1\"  class=\"panel-grid-cell\" ><div id=\"panel-28-0-1-0\" class=\"so-panel widget widget_sow-editor panel-first-child panel-last-child\" data-index=\"2\" ><div\n\t\t\t\n\t\t\tclass=\"so-widget-sow-editor so-widget-sow-editor-base\"\n\t\t\t\n\t\t><h3 class=\"widget-title\">Le Shiatsu pour pr\u00e9venir les risques sociaux-professionnels<\/h3>\n<div class=\"siteorigin-widget-tinymce textwidget\">\n\t<h2>Le Shiatsu est un merveilleux outils pour pr\u00e9venir les risques sociaux-professionnels<\/h2>\n<p><a href=\"http:\/\/www.taodao.fr\/index.php\/marie-hignard-medecine-traditionnelle-chinoise-et-shiatsu-en-saint-malo\/\"><span style=\"color: #99cc00;\">Marie Hignard<\/span><\/a> utilise le Shiatsu pour pr\u00e9venir les risques sociaux-professionnels en apportant du mieux-\u00eatre \u00e0 vos employ\u00e9s et donc la sant\u00e9 \u00e0 votre entreprise !<\/p>\n<h3>Les sympt\u00f4mes du \u00abmauvais stress\u00bb dans le milieu professionnel<\/h3>\n<p>Augmentation des arr\u00eats maladies, de l'absent\u00e9isme ou du turn over<br \/>\nMauvaise ambiance au travail<br \/>\nPerte de motivation du personnel<br \/>\nBaisse de la productivit\u00e9<\/p>\n<h3>Qu'est ce qu'<a href=\"http:\/\/www.taodao.fr\/index.php\/ma-pratique-la-sante-est-une-affaire-intime\/\"><span style=\"color: #000000;\">entretenir son\u00a0mieux-\u00eatre<\/span><\/a> peut apporter \u00e0 l\u2019entreprise ?<\/h3>\n<p><strong><em>Etre mieux optimise la productivit\u00e9<\/em><\/strong><\/p>\n<p>Baisse des arr\u00eats maladies.<br \/>\nLe mieux-\u00eatre stimule la r\u00e9sistance physique, diminue les douleurs et maintient le corps et l'esprit en sant\u00e9.<br \/>\nIl pr\u00e9vient LATR (l\u00e9sion attribu\u00e9e au travail r\u00e9p\u00e9titif), les expositions \u00e9lectromagn\u00e9tiques et tous les probl\u00e8mes d'ordre chroniques.<\/p>\n<p><strong><em>Ce qui augmente la performance. <\/em><\/strong><\/p>\n<p>La gestion du stress canalise et optimise l'\u00e9nergie. Ce regain d'\u00e9nergie ouvre l'esprit aux autres, \u00e0 l'inspiration et \u00e0 la positivit\u00e9.<\/p>\n<p><strong><em>Etre mieux pr\u00e9vient les risques psycho-sociaux<\/em><\/strong><\/p>\n<p>Accroissement de la motivation et de l'investissement personnel.<br \/>\nLe mieux-\u00eatre am\u00e9liore sensiblement la qualit\u00e9 de vie dans l'entreprise, la fluidit\u00e9 des \u00e9changes et la rapidit\u00e9 de l'information.<br \/>\nR\u00e9gulation de la communication.<br \/>\nC'est un excellent outil de r\u00e9duction des conflits, de mod\u00e9rateur de crise.<br \/>\nAm\u00e9lioration de la performance collective.<br \/>\nLe mieux-\u00eatre am\u00e9liore les performances individuelles, son corollaire est une meilleure coh\u00e9sion au sein du groupe.<\/p>\n<h3>Etre mieux est un avantage pour tous<\/h3>\n<p><strong><em>Avantages pour le dirigeant :<\/em><\/strong><\/p>\n<p>Avantage en nature - exon\u00e9r\u00e9 de charges \u00e0 un co\u00fbt mesur\u00e9.<br \/>\nInvestissement ma\u00eetris\u00e9 et adapt\u00e9 aux besoins de l\u2019entreprise.<br \/>\nImage innovante de l'entreprise - strat\u00e9gie d'entreprise orient\u00e9e vers le bien-\u00eatre.<\/p>\n<p><strong><em>Avantages pour le salari\u00e9 : <\/em><\/strong><\/p>\n<p>En plus du bien-\u00eatre physique, cette activit\u00e9 permet aux salari\u00e9s de partager un moment d'\u00e9vasion et de favoriser la communication interne. Enfin, le b\u00e9n\u00e9ficiaire peut partager une exp\u00e9rience positive et agr\u00e9able gr\u00e2ce au travail \u2013 notamment avec son entourage proche.<\/p>\n<h3>Intervention du <a href=\"http:\/\/www.taodao.fr\/index.php\/le-cabinet-taodao\/\"><span style=\"color: #000000;\">Cabinet taodao<\/span><\/a> dans votre structure<\/h3>\n<p>Nous nous adaptons aux besoins de votre entreprise.<br \/>\nNotre prestation est ex\u00e9cut\u00e9e au sein de votre soci\u00e9t\u00e9. Un simple local est suffisant pour la pratique. Chaque Shiatsu offre une solution adaptable \u00e0 chacun des profils.<\/p>\n<p>&nbsp;<\/p>\n<p><em><strong>Article L4121-1 du code du travail,\u00a0 \"L'employeur prend les mesures n\u00e9cessaires pour assurer la s\u00e9curit\u00e9 et prot\u00e9ger la sant\u00e9 physique et mentale des travailleurs dont il est responsable.\"<\/strong><\/em><\/p>\n<p>Pour les tarifs, merci de <a href=\"http:\/\/www.taodao.fr\/index.php\/contact\/\">me contacter<\/a> directement<\/p>\n<\/div>\n<\/div><\/div><\/div><\/div><\/div>","protected":false},"excerpt":{"rendered":"<p>Le Shiatsu est un merveilleux outils pour pr\u00e9venir les risques sociaux-professionnels Marie Hignard utilise le Shiatsu pour pr\u00e9venir les risques sociaux-professionnels en apportant du mieux-\u00eatre \u00e0 vos employ\u00e9s et donc la sant\u00e9 \u00e0 votre entreprise ! Les sympt\u00f4mes du \u00abmauvais<\/p>\n","protected":false},"author":3,"featured_media":238,"parent":0,"menu_order":0,"comment_status":"closed","ping_status":"closed","template":"","meta":[],"_links":{"self":[{"href":"https:\/\/www.taodao.fr\/index.php\/wp-json\/wp\/v2\/pages\/28"}],"collection":[{"href":"https:\/\/www.taodao.fr\/index.php\/wp-json\/wp\/v2\/pages"}],"about":[{"href":"https:\/\/www.taodao.fr\/index.php\/wp-json\/wp\/v2\/types\/page"}],"author":[{"embeddable":true,"href":"https:\/\/www.taodao.fr\/index.php\/wp-json\/wp\/v2\/users\/3"}],"replies":[{"embeddable":true,"href":"https:\/\/www.taodao.fr\/index.php\/wp-json\/wp\/v2\/comments?post=28"}],"version-history":[{"count":16,"href":"https:\/\/www.taodao.fr\/index.php\/wp-json\/wp\/v2\/pages\/28\/revisions"}],"predecessor-version":[{"id":1008,"href":"https:\/\/www.taodao.fr\/index.php\/wp-json\/wp\/v2\/pages\/28\/revisions\/1008"}],"wp:featuredmedia":[{"embeddable":true,"href":"https:\/\/www.taodao.fr\/index.php\/wp-json\/wp\/v2\/media\/238"}],"wp:attachment":[{"href":"https:\/\/www.taodao.fr\/index.php\/wp-json\/wp\/v2\/media?parent=28"}],"curies":[{"name":"wp","href":"https:\/\/api.w.org\/{rel}","templated":true}]}}