{"id":31,"date":"2016-10-06T19:45:55","date_gmt":"2016-10-06T17:45:55","guid":{"rendered":"http:\/\/localhost\/my-site\/wp-taodao\/?page_id=31"},"modified":"2025-07-23T08:00:12","modified_gmt":"2025-07-23T06:00:12","slug":"laccompagnement-et-la-prevention-therapeutique","status":"publish","type":"page","link":"https:\/\/www.taodao.fr\/index.php\/laccompagnement-et-la-prevention-therapeutique\/","title":{"rendered":"L&rsquo;accompagnement et la pr\u00e9vention th\u00e9rapeutique"},"content":{"rendered":"<div id=\"pl-31\"  class=\"panel-layout\" ><div id=\"pg-31-0\"  class=\"panel-grid panel-no-style\" ><div id=\"pgc-31-0-0\"  class=\"panel-grid-cell\" ><div id=\"panel-31-0-0-0\" class=\"so-panel widget widget_sow-editor panel-first-child panel-last-child\" data-index=\"0\" ><div\n\t\t\t\n\t\t\tclass=\"so-widget-sow-editor so-widget-sow-editor-base\"\n\t\t\t\n\t\t>\n<div class=\"siteorigin-widget-tinymce textwidget\">\n\t<p><a href=\"http:\/\/www.taodao.fr\/index.php\/la-medecine-traditionnelle-chinoise-et-le-shiatsu\/\"><span style=\"color: #99cc00;\">La M\u00e9decine Traditionnelle Chinoise et le Shiatsu<\/span><\/a> permettent de <b>limiter, de diminuer les cons\u00e9quences de la maladie<\/b> et de pr\u00e9venir les rechutes. Ils accompagnent le malade (souvent chronique) \u00e0 devenir l\u2019acteur de sa maladie et \u00e0 <b>retrouver une qualit\u00e9 de vie acceptable.<\/b><\/p>\n<\/div>\n<\/div><\/div><\/div><\/div><div id=\"pg-31-1\"  class=\"panel-grid panel-no-style\" ><div id=\"pgc-31-1-0\"  class=\"panel-grid-cell\" ><div id=\"panel-31-1-0-0\" class=\"so-panel widget widget_sow-image panel-first-child panel-last-child\" data-index=\"1\" ><div\n\t\t\t\n\t\t\tclass=\"so-widget-sow-image so-widget-sow-image-default-8b5b6f678277-31\"\n\t\t\t\n\t\t>\n\n<div class=\"sow-image-container\">\n\t\t<img src=\"https:\/\/www.taodao.fr\/wp-content\/uploads\/2016\/11\/accompagnement-therapeutique.jpg\" width=\"600\" height=\"903\" srcset=\"https:\/\/www.taodao.fr\/wp-content\/uploads\/2016\/11\/accompagnement-therapeutique.jpg 600w, https:\/\/www.taodao.fr\/wp-content\/uploads\/2016\/11\/accompagnement-therapeutique-199x300.jpg 199w\" sizes=\"(max-width: 600px) 100vw, 600px\" alt=\"\" loading=\"lazy\" \t\tclass=\"so-widget-image\"\/>\n\t<\/div>\n\n<\/div><\/div><\/div><div id=\"pgc-31-1-1\"  class=\"panel-grid-cell\" ><div id=\"panel-31-1-1-0\" class=\"so-panel widget widget_sow-editor panel-first-child panel-last-child\" data-index=\"2\" ><div\n\t\t\t\n\t\t\tclass=\"so-widget-sow-editor so-widget-sow-editor-base\"\n\t\t\t\n\t\t>\n<div class=\"siteorigin-widget-tinymce textwidget\">\n\t<h4>L'accompagnement en affections de longue dur\u00e9e (ALD)<\/h4>\n<p><span style=\"color: #99cc00;\"><a href=\"http:\/\/www.taodao.fr\/index.php\/la-medecine-traditionnelle-chinoise-et-le-shiatsu\/\"><span style=\"color: #99cc00;\">Le Shiatsu et la M\u00e9decine Traditionnelle Chinoise<\/span><\/a><\/span> sont un bon compl\u00e9ment pour l\u2019accompagnement des ALD. Ils diminuent et\u00a0 ralentissent les effets secondaires de la maladie, att\u00e9nuent les effets secondaires des traitements et soutiennent dans la gestion es \u00e9motions.<\/p>\n<p><b>En canc\u00e9rologie<\/b>, par exemple, lors <a href=\"http:\/\/www.taodao.fr\/index.php\/seance-de-shiatsu-et-mtc-avec-marie-hignard-a-saint-malo\/\"><span style=\"color: #99cc00;\">des s\u00e9ances<\/span><\/a>, une pratique r\u00e9guli\u00e8re de\u00a0<strong><span style=\"color: #000000;\">Qi Gong th\u00e9rapeutique<\/span><\/strong> va diminuer les naus\u00e9es, maux de t\u00eate, les probl\u00e8mes digestifs, de transit ou urinaires, les br\u00fblures dues aux rayons\u2026 cela va aussi r\u00e9guler le sommeil, les \u00e9tats de stress et les \u00e9motions (d\u00e9pression, tristesse, apathie ou m\u00eame col\u00e8re).<\/p>\n<p>Qi Gong th\u00e9rapeutique est aussi une belle pratique pour accompagner le corps et l'esprit \u00e0 s'adapter \u00e0 la vie apr\u00e8s la maladie.<\/p>\n<p><b>En neurologie<\/b>, en plus de r\u00e9duire les effets secondaires des traitements, la pratique du <strong>Shiatsu<\/strong> est vraiment efficace pour r\u00e9pondre aux difficult\u00e9s de la maladie\u00a0: spasmes, crampes, raidissements, difficult\u00e9 respiratoire, fausse route, thermor\u00e9gulation, difficult\u00e9 d'\u00e9locution, confusions ...<b>\u00a0<\/b>Le Shiatsu\u00a0a aussi un bel impact sur les \u00e9motions\u00a0; insomnies, angoisses, syndromes d\u00e9pressifs, \u00e9nervement et surtout enfermement.<\/p>\n<p>Le Shiatsu est interdit aux personnes atteintes de sla, maladie de Charcot, les pressions peuvent acc\u00e9l\u00e9rer la maladie.<br \/>\nDans le m\u00eame principe, <b>une pratique r\u00e9guli\u00e8re de la MTC et du Shiatsu est un bon compl\u00e9ment pour accompagner toutes les affections de longue dur\u00e9e<\/b> (diab\u00e8te, dialyse, h\u00e9mipl\u00e9gies, accident vasculaire c\u00e9r\u00e9bral invalidant, insuffisance respiratoire chronique grave, affections psychiatriques de longue dur\u00e9e\u2026 ainsi que les ALD2 et ALD3)<\/p>\n<\/div>\n<\/div><\/div><\/div><\/div><div id=\"pg-31-2\"  class=\"panel-grid panel-no-style\" ><div id=\"pgc-31-2-0\"  class=\"panel-grid-cell\" ><div id=\"panel-31-2-0-0\" class=\"so-panel widget widget_sow-image panel-first-child\" data-index=\"3\" ><div\n\t\t\t\n\t\t\tclass=\"so-widget-sow-image so-widget-sow-image-default-8b5b6f678277-31\"\n\t\t\t\n\t\t>\n\n<div class=\"sow-image-container\">\n\t\t<img src=\"https:\/\/www.taodao.fr\/wp-content\/uploads\/2016\/11\/accompagnement-therapeutique2.jpg\" width=\"600\" height=\"903\" srcset=\"https:\/\/www.taodao.fr\/wp-content\/uploads\/2016\/11\/accompagnement-therapeutique2.jpg 600w, https:\/\/www.taodao.fr\/wp-content\/uploads\/2016\/11\/accompagnement-therapeutique2-199x300.jpg 199w\" sizes=\"(max-width: 600px) 100vw, 600px\" title=\"Marie Hignard, Cabinet Taodao, accompagnement th\u00e9rapeutique par la m\u00e9decine traditionnelle chinoise Avignon\" alt=\"Marie Hignard, accompagnement th\u00e9rapeutique par la m\u00e9decine traditionnelle chinoise Avignon\" loading=\"lazy\" \t\tclass=\"so-widget-image\"\/>\n\t<\/div>\n\n<\/div><\/div><div id=\"panel-31-2-0-1\" class=\"so-panel widget widget_sow-image panel-last-child\" data-index=\"4\" ><div\n\t\t\t\n\t\t\tclass=\"so-widget-sow-image so-widget-sow-image-default-8b5b6f678277-31\"\n\t\t\t\n\t\t>\n\n<div class=\"sow-image-container\">\n\t\t<img src=\"https:\/\/www.taodao.fr\/wp-content\/uploads\/2016\/11\/accompagnement-therapeutique-1.jpg\" width=\"1400\" height=\"795\" srcset=\"https:\/\/www.taodao.fr\/wp-content\/uploads\/2016\/11\/accompagnement-therapeutique-1.jpg 1400w, https:\/\/www.taodao.fr\/wp-content\/uploads\/2016\/11\/accompagnement-therapeutique-1-300x170.jpg 300w, https:\/\/www.taodao.fr\/wp-content\/uploads\/2016\/11\/accompagnement-therapeutique-1-768x436.jpg 768w, https:\/\/www.taodao.fr\/wp-content\/uploads\/2016\/11\/accompagnement-therapeutique-1-1024x581.jpg 1024w\" sizes=\"(max-width: 1400px) 100vw, 1400px\" title=\"accompagnement-therapeutique\" alt=\"\" loading=\"lazy\" \t\tclass=\"so-widget-image\"\/>\n\t<\/div>\n\n<\/div><\/div><\/div><div id=\"pgc-31-2-1\"  class=\"panel-grid-cell\" ><div id=\"panel-31-2-1-0\" class=\"so-panel widget widget_sow-editor panel-first-child panel-last-child\" data-index=\"5\" ><div\n\t\t\t\n\t\t\tclass=\"so-widget-sow-editor so-widget-sow-editor-base\"\n\t\t\t\n\t\t>\n<div class=\"siteorigin-widget-tinymce textwidget\">\n\t<h4>L'accompagnement en soins palliatif<\/h4>\n<p>Par la pratique du Qi Gong th\u00e9rapeutique*, je propose \u00e0 la Personne de devenir <b>actrice dans la gestion de sa maladie<\/b> et l\u2019accompagne \u00e0 <b>conserver une attitude digne<\/b> dans sa fin de vie.<\/p>\n<p><a href=\"http:\/\/www.taodao.fr\/index.php\/la-medecine-traditionnelle-chinoise-et-le-shiatsu\/\"><span style=\"color: #99cc00;\">La M\u00e9decine Traditionnelle Chinoise<\/span><\/a> est un tr\u00e8s bon outil pour compl\u00e9ter les soins traditionnels en palliatifs: Elle permet de <b>pr\u00e9venir et diminuer les effets des traitements lourds<\/b>, elle accompagne l'organisme aux diff\u00e9rents changements qu\u2019impose la maladie (perte d\u2019autonomie, douleurs\u2026)<\/p>\n<p>En outre, elle apporte un <b>bien-\u00eatre corporel, psychologique et \u00e9motionnel<\/b> indispensables dans ces moments difficiles .Dans cet \u00e9tat d'esprit l\u00e0, la communication est plus fluide et ais\u00e9e, surtout face \u00e0 quelqu'un de neutre qui n'est ni la famille, ni le m\u00e9decin et qui peut accueillir notre souffrance ou nos peurs.<\/p>\n<h4>L'accompagnement des personnes \u00e2g\u00e9es<\/h4>\n<p><b>Les personnes d\u00e9pendantes: l'accompagnement th\u00e9rapeutique<\/b><\/p>\n<p>La d\u00e9faillance physique entra\u00eene la perte de l'estime de soi. Il est alors n\u00e9cessaire, dans un premier temps, de <b>retrouver le bien-\u00eatre corporel et \u00e9motionnel<\/b>. Une pratique r\u00e9guli\u00e8re du Shiatsu et de la M.T.C. va calmer les douleurs chroniques, r\u00e9guler l'hom\u00e9ostasie, favoriser la digestion et le transit, diminuer les troubles urinaires, favoriser le sommeil et surtout apaiser l'esprit. Mais c'est aussi un formidable outil qui offre \u00e0 la personne l'opportunit\u00e9 de <b>modifier ses habitudes de vie en accompagnant son corps et son mental dans ce changement souvent douloureux<\/b>.<\/p>\n<p><b>Alzheimer et Parkinson : la pr\u00e9vention et l'accompagnement<\/b><\/p>\n<p>Le Shiatsu et la M.T.C. sont de bons compl\u00e9ments au traitement des maladies d'Alzheimer et de Parkinson. Ces pratiques <b>vont r\u00e9guler le syst\u00e8me nerveux<\/b> et stimuler la circulation sanguine du cerveau, elles <b>tonifient aussi les fonctions cognitives<\/b> cela va ralentir la progression de la maladie.<\/p>\n<p>En <b>calmant le psychisme et les \u00e9motions<\/b>, l'anxi\u00e9t\u00e9 et les \u00e9tats d\u00e9pressifs diminuent, ce qui <b>stimule la m\u00e9moire <\/b>et ralenti la progression de la maladie d'Alzheimer.<\/p>\n<p>Enfin, la M\u00e9decine Chinoise et le Shiatsu permettent de <b>diminuer les sympt\u00f4mes parkinsoniens<\/b>, ils agissent sur les tremblements, soulagent les douleurs et les vertiges et stimule la dopamine.<\/p>\n<p>Une pratique r\u00e9guli\u00e8re de ces deux techniques accompagne les personnes \u00e2g\u00e9es \u00e0 entretenir et maintenir le plus longtemps possible leur ind\u00e9pendance.<\/p>\n<\/div>\n<\/div><\/div><\/div><\/div><div id=\"pg-31-3\"  class=\"panel-grid panel-no-style\" ><div id=\"pgc-31-3-0\"  class=\"panel-grid-cell\" ><div id=\"panel-31-3-0-0\" class=\"so-panel widget widget_sow-editor panel-first-child panel-last-child\" data-index=\"6\" ><div\n\t\t\t\n\t\t\tclass=\"so-widget-sow-editor so-widget-sow-editor-base\"\n\t\t\t\n\t\t>\n<div class=\"siteorigin-widget-tinymce textwidget\">\n\t<p>&nbsp;<\/p>\n<p><strong>Je me d\u00e9place \u00e0 domicile sur Saint Malo (jusqu'\u00e0 km) et<\/strong><strong>\u00a0en structure m\u00e9dicale.<\/strong><\/p>\n<p>&nbsp;<\/p>\n<p><span style=\"color: #99cc00;\"><i><b>Attention: En tant que Praticienne en M\u00e9decine Traditionnelle Chinoise, je suis tenue par le secret professionnel. N\u00e9anmoins, j'ai le devoir de pr\u00e9venir le m\u00e9decin traitant ou l'\u00e9quipe m\u00e9dicale si lors de la s\u00e9ance il appara\u00eet une information importante pour la sant\u00e9 du malade. <\/b><\/i><\/span><\/p>\n<p><strong><em><span style=\"color: #666666;\"><span style=\"font-family: Lato, sans-serif;\"><span style=\"font-size: medium;\"><i>La M\u00e9decine Traditionnelle Chinoise et le Shiatsu ne peuvent en aucun cas se substituer aux traitements conventionnels, ni \u00e0 une consultation chez un m\u00e9decin. Elles apportent un soutien et un accompagnement,<\/i><\/span><\/span><\/span><\/em><\/strong><\/p>\n<\/div>\n<\/div><\/div><\/div><\/div><\/div>","protected":false},"excerpt":{"rendered":"<p>La M\u00e9decine Traditionnelle Chinoise et le Shiatsu permettent de limiter, de diminuer les cons\u00e9quences de la maladie et de pr\u00e9venir les rechutes. Ils accompagnent le malade (souvent chronique) \u00e0 devenir l\u2019acteur de sa maladie et \u00e0 retrouver une qualit\u00e9 de<\/p>\n","protected":false},"author":3,"featured_media":235,"parent":0,"menu_order":0,"comment_status":"closed","ping_status":"closed","template":"","meta":[],"_links":{"self":[{"href":"https:\/\/www.taodao.fr\/index.php\/wp-json\/wp\/v2\/pages\/31"}],"collection":[{"href":"https:\/\/www.taodao.fr\/index.php\/wp-json\/wp\/v2\/pages"}],"about":[{"href":"https:\/\/www.taodao.fr\/index.php\/wp-json\/wp\/v2\/types\/page"}],"author":[{"embeddable":true,"href":"https:\/\/www.taodao.fr\/index.php\/wp-json\/wp\/v2\/users\/3"}],"replies":[{"embeddable":true,"href":"https:\/\/www.taodao.fr\/index.php\/wp-json\/wp\/v2\/comments?post=31"}],"version-history":[{"count":16,"href":"https:\/\/www.taodao.fr\/index.php\/wp-json\/wp\/v2\/pages\/31\/revisions"}],"predecessor-version":[{"id":1178,"href":"https:\/\/www.taodao.fr\/index.php\/wp-json\/wp\/v2\/pages\/31\/revisions\/1178"}],"wp:featuredmedia":[{"embeddable":true,"href":"https:\/\/www.taodao.fr\/index.php\/wp-json\/wp\/v2\/media\/235"}],"wp:attachment":[{"href":"https:\/\/www.taodao.fr\/index.php\/wp-json\/wp\/v2\/media?parent=31"}],"curies":[{"name":"wp","href":"https:\/\/api.w.org\/{rel}","templated":true}]}}