{"id":321,"date":"2018-02-28T11:58:50","date_gmt":"2018-02-28T10:58:50","guid":{"rendered":"http:\/\/www.taodao.fr\/?page_id=321"},"modified":"2026-02-24T23:13:40","modified_gmt":"2026-02-24T22:13:40","slug":"ma-pratique-la-sante-une-affaire-intime","status":"publish","type":"page","link":"https:\/\/www.taodao.fr\/index.php\/ma-pratique-la-sante-une-affaire-intime\/","title":{"rendered":"Ma pratique"},"content":{"rendered":"<div id=\"pl-321\"  class=\"panel-layout\" ><div id=\"pg-321-0\"  class=\"panel-grid panel-no-style\" ><div id=\"pgc-321-0-0\"  class=\"panel-grid-cell\" ><div id=\"panel-321-0-0-0\" class=\"so-panel widget widget_sow-editor panel-first-child panel-last-child\" data-index=\"0\" ><div\n\t\t\t\n\t\t\tclass=\"so-widget-sow-editor so-widget-sow-editor-base\"\n\t\t\t\n\t\t><h3 class=\"widget-title\">Ma pratique, entretenir son mieux-\u00eatre et vivre bien : La sant\u00e9 est une affaire intime<\/h3>\n<div class=\"siteorigin-widget-tinymce textwidget\">\n\t<h4>Entretenir son mieux-\u00eatre et vivre bien : La sant\u00e9 est une affaire intime<\/h4>\n<p>Ma pratique s'appuie sur l'id\u00e9e que nous sommes actrice\/acteur de notre sant\u00e9. De plus, la relation que nous entretenons avec notre sant\u00e9 est une relation d'intimit\u00e9.<\/p>\n<p style=\"text-align: center;\"><strong><span style=\"color: #99cc00;\">\u00ab\u00a0La sant\u00e9 est un \u00e9tat de bien \u00eatre total physique, social et mental de la personne.<\/span><\/strong><br \/>\n<strong><span style=\"color: #99cc00;\">Ce n'est pas la simple absence de maladie ou d'infirmit\u00e9.\u00a0\u00bb OMS<\/span><\/strong><\/p>\n<p><strong>Ainsi, Nous sommes responsables de notre vie quotidienne mais aussi l'artisan de notre qualit\u00e9 de vie<\/strong>.<\/p>\n<p>D\u00e9s lors, pour \u00e9viter les r\u00e9actions aux stress, nous devons accepter de <strong>changer nos comportements<\/strong> pour vivre mieux. Par cons\u00e9quent, cela demande d'\u00eatre \u00e0 l'\u00e9coute de soi, de ce qui est juste pour soi, et cr\u00e9er des r\u00e9ponses adapt\u00e9es \u00e0 nos besoins. En conclusion, cela cr\u00e9\u00e9 une relation d'intimit\u00e9 \u00e0 soi.<\/p>\n<p style=\"text-align: center;\"><strong><span style=\"color: #99cc00;\">\u00ab\u00a0Prendre soin\u00a0\u00bb\u00a0<\/span><\/strong><\/p>\n<p style=\"text-align: center;\"><strong><span style=\"color: #99cc00;\">\u00a0Apprendre \u00e0 connaitre et nourrir son intime\u00a0: soi\u00a0; <\/span><\/strong><\/p>\n<p style=\"text-align: center;\"><strong><span style=\"color: #99cc00;\">Devenir autonome\u00a0: \u00eatre soi\u00a0; <\/span><\/strong><\/p>\n<p style=\"text-align: center;\"><strong><span style=\"color: #99cc00;\">S'\u00e9panouir\u00a0: faire les choix justes pour soi<\/span><\/strong><\/p>\n<p>&nbsp;<\/p>\n<p style=\"text-align: left;\">Le Shiatsu et la MTC vous am\u00e8nent \u00e0 un \u00e9tat de bien-\u00eatre et de silence. C'est pourquoi <span style=\"color: #99cc00;\"><a href=\"http:\/\/www.taodao.fr\/index.php\/le-cabinet-taodao\/\"><span style=\"color: #99cc00;\">le cabinet taodao<\/span><\/a><\/span> vous accompagne \u00e0 l'\u00e9coute de vos \u00e9motions et dans le ressenti de votre corps et de votre syst\u00e8me \u00e9nerg\u00e9tique. De l\u00e0, dans cette <strong>qualit\u00e9 de pr\u00e9sence \u00e0 vous m\u00eame<\/strong>, vous pouvez <strong>cr\u00e9er les r\u00e9ponses justes<\/strong> face aux stress du quotidien.<\/p>\n<p>&nbsp;<\/p>\n<p><img decoding=\"async\" loading=\"lazy\" class=\"aligncenter wp-image-241\" src=\"http:\/\/www.taodao.fr\/wp-content\/uploads\/2016\/11\/cropped-fond-300x92.jpg\" alt=\"\" width=\"388\" height=\"119\" srcset=\"https:\/\/www.taodao.fr\/wp-content\/uploads\/2016\/11\/cropped-fond-300x92.jpg 300w, https:\/\/www.taodao.fr\/wp-content\/uploads\/2016\/11\/cropped-fond-768x235.jpg 768w, https:\/\/www.taodao.fr\/wp-content\/uploads\/2016\/11\/cropped-fond-1024x314.jpg 1024w, https:\/\/www.taodao.fr\/wp-content\/uploads\/2016\/11\/cropped-fond.jpg 1400w\" sizes=\"(max-width: 388px) 100vw, 388px\" \/><\/p>\n<h4><\/h4>\n<h4>\u00ab Revenir au centre et s\u2019ancrer \u00bb, cr\u00e9er une relation intime avec soi.<\/h4>\n<p>\u00ab\u00a0Revenir au centre et s\u2019y ancrer\u00a0\u00bb est une technique personnelle que je fais pratiquer \u00e0 chaque <span style=\"color: #99cc00;\"><a href=\"http:\/\/www.taodao.fr\/index.php\/seance-de-shiatsu-et-mtc-avec-marie-hignard-a-saint-malo\/\"><span style=\"color: #99cc00;\">s\u00e9ance de Shiatsu et M\u00e9decine Traditionnelle Chinoise<\/span><\/a><\/span><\/p>\n<p>. Dans ces conditions, je vous accompagne \u00e0 <strong>d\u00e9couvrir<\/strong>,\u00a0<strong>g\u00e9rer et maitriser votre int\u00e9riorit\u00e9<\/strong>.<\/p>\n<ul>\n<li><strong>Devenir autonome en stabilisant son esprit<\/strong> par l\u2019observation du<strong> jeu de votre mental et de<\/strong><strong> vos \u00e9motions <\/strong><\/li>\n<li><strong>Apprendre \u00e0 g\u00e9rer votre stress <\/strong>au quotidien en enracinant l'\u00e9nergie dans son corps.<\/li>\n<\/ul>\n<p>En d\u00e9finitive, prendre soin c'est commencer \u00e0 avoir une v\u00e9ritable relation intime avec soi, cela m\u00e8ne \u00e0 l'autonomie et \u00e0 la libert\u00e9 d'\u00eatre. Ainsi, vous commencez \u00e0 <strong>vous cr\u00e9er et vous \u00e9panouir dans ce qui est juste pour Soi<\/strong>.<\/p>\n<p><strong>C'est <a href=\"http:\/\/www.taodao.fr\/\"><span style=\"color: #99cc00;\">entretenir son mieux-\u00eatre pour vivre bien<\/span><\/a> !<\/strong><\/p>\n<p>&nbsp;<\/p>\n<p style=\"text-align: center;\"><span style=\"color: #99cc00;\"><strong>\"Je me suis \u00e9puis\u00e9e \u00e0 la recherche du Soi.<\/strong><\/span><\/p>\n<p style=\"text-align: center;\"><span style=\"color: #99cc00;\"><strong>Qui aurait pu avoir acc\u00e8s \u00e0 la connaissance<\/strong><\/span><\/p>\n<p style=\"text-align: center;\"><span style=\"color: #99cc00;\"><strong>silencieusement lov\u00e9e au creux de mon \u00eatre intime ?<\/strong><\/span><\/p>\n<p style=\"text-align: center;\"><span style=\"color: #99cc00;\"><strong>Je m'y suis coul\u00e9e,<\/strong><\/span><\/p>\n<p style=\"text-align: center;\"><span style=\"color: #99cc00;\"><strong>Et l\u00e0, j'ai d\u00e9couvert les coupes<\/strong><\/span><\/p>\n<p style=\"text-align: center;\"><span style=\"color: #99cc00;\"><strong>D\u00e9bordantes de nectar<\/strong><\/span><\/p>\n<p style=\"text-align: center;\"><span style=\"color: #99cc00;\"><strong>Auxquelles peu d'\u00eatres portent leurs l\u00e8vres.\"<\/strong><\/span><\/p>\n<p style=\"text-align: center;\"><span style=\"color: #99cc00;\"><strong>Lalla\u00a0<\/strong><strong>\u00a0(<\/strong><strong>Lalleshvari<\/strong><strong>)<\/strong><\/span><\/p>\n<\/div>\n<\/div><\/div><\/div><\/div><\/div>","protected":false},"excerpt":{"rendered":"<p>Entretenir son mieux-\u00eatre et vivre bien : La sant\u00e9 est une affaire intime Ma pratique s&rsquo;appuie sur l&rsquo;id\u00e9e que nous sommes actrice\/acteur de notre sant\u00e9. De plus, la relation que nous entretenons avec notre sant\u00e9 est une relation d&rsquo;intimit\u00e9. \u00ab\u00a0La<\/p>\n","protected":false},"author":1,"featured_media":374,"parent":0,"menu_order":0,"comment_status":"closed","ping_status":"closed","template":"","meta":[],"_links":{"self":[{"href":"https:\/\/www.taodao.fr\/index.php\/wp-json\/wp\/v2\/pages\/321"}],"collection":[{"href":"https:\/\/www.taodao.fr\/index.php\/wp-json\/wp\/v2\/pages"}],"about":[{"href":"https:\/\/www.taodao.fr\/index.php\/wp-json\/wp\/v2\/types\/page"}],"author":[{"embeddable":true,"href":"https:\/\/www.taodao.fr\/index.php\/wp-json\/wp\/v2\/users\/1"}],"replies":[{"embeddable":true,"href":"https:\/\/www.taodao.fr\/index.php\/wp-json\/wp\/v2\/comments?post=321"}],"version-history":[{"count":65,"href":"https:\/\/www.taodao.fr\/index.php\/wp-json\/wp\/v2\/pages\/321\/revisions"}],"predecessor-version":[{"id":480,"href":"https:\/\/www.taodao.fr\/index.php\/wp-json\/wp\/v2\/pages\/321\/revisions\/480"}],"wp:featuredmedia":[{"embeddable":true,"href":"https:\/\/www.taodao.fr\/index.php\/wp-json\/wp\/v2\/media\/374"}],"wp:attachment":[{"href":"https:\/\/www.taodao.fr\/index.php\/wp-json\/wp\/v2\/media?parent=321"}],"curies":[{"name":"wp","href":"https:\/\/api.w.org\/{rel}","templated":true}]}}