{"id":353,"date":"2018-02-28T12:52:36","date_gmt":"2018-02-28T11:52:36","guid":{"rendered":"http:\/\/www.taodao.fr\/?page_id=353"},"modified":"2026-02-24T23:35:54","modified_gmt":"2026-02-24T22:35:54","slug":"seance-de-shiatsu-et-mtc-avec-marie-hignard-a-saint-malo","status":"publish","type":"page","link":"https:\/\/www.taodao.fr\/index.php\/seance-de-shiatsu-et-mtc-avec-marie-hignard-a-saint-malo\/","title":{"rendered":"S\u00e9ance de Shiatsu et M\u00e9decine Traditionnelle Chinoise"},"content":{"rendered":"<div id=\"pl-353\"  class=\"panel-layout\" ><div id=\"pg-353-0\"  class=\"panel-grid panel-no-style\" ><div id=\"pgc-353-0-0\"  class=\"panel-grid-cell\" ><div id=\"panel-353-0-0-0\" class=\"so-panel widget widget_sow-image panel-first-child panel-last-child\" data-index=\"0\" ><div\n\t\t\t\n\t\t\tclass=\"so-widget-sow-image so-widget-sow-image-default-dbf295114b96-353\"\n\t\t\t\n\t\t>\n\n<div class=\"sow-image-container\">\n\t\t<img src=\"https:\/\/www.taodao.fr\/wp-content\/uploads\/2016\/11\/mieux-etre.jpg\" width=\"600\" height=\"1107\" srcset=\"https:\/\/www.taodao.fr\/wp-content\/uploads\/2016\/11\/mieux-etre.jpg 600w, https:\/\/www.taodao.fr\/wp-content\/uploads\/2016\/11\/mieux-etre-163x300.jpg 163w, https:\/\/www.taodao.fr\/wp-content\/uploads\/2016\/11\/mieux-etre-555x1024.jpg 555w\" sizes=\"(max-width: 600px) 100vw, 600px\" title=\"Marie Hignard mieux \u00eatre et shiatsu Avignon\" alt=\"Marie Hignard mieux \u00eatre et shiatsu Avignon\" loading=\"lazy\" \t\tclass=\"so-widget-image\"\/>\n\t<\/div>\n\n<\/div><\/div><\/div><div id=\"pgc-353-0-1\"  class=\"panel-grid-cell\" ><div id=\"panel-353-0-1-0\" class=\"so-panel widget widget_sow-editor panel-first-child panel-last-child\" data-index=\"1\" ><div\n\t\t\t\n\t\t\tclass=\"so-widget-sow-editor so-widget-sow-editor-base\"\n\t\t\t\n\t\t><h3 class=\"widget-title\">S\u00e9ance de Shiatsu et M\u00e9decine Traditionnelle Chinoise <\/h3>\n<div class=\"siteorigin-widget-tinymce textwidget\">\n\t<p>Bien que je maitrise les diff\u00e9rentes techniques de <span style=\"color: #000000;\">M\u00e9decine Traditionnelle Chinoise<\/span>, je pratique aujourd\u2019hui essentiellement le\u00a0<strong>Qi Gong Th\u00e9rapeutique<\/strong>\u00a0et le <strong>Shiatsu<\/strong>\u00a0. <a href=\"http:\/\/www.taodao.fr\/index.php\/le-cabinet-taodao\/\"><span style=\"color: #99cc00;\">Le Cabinet taodao<\/span><\/a> propose aussi du <strong>modelage \u00e0 l\u2019huile.<\/strong><\/p>\n<h3><strong>D\u00e9roulement d\u2019une s\u00e9ance<\/strong><\/h3>\n<p><span style=\"color: #99cc00;\"><a style=\"color: #99cc00;\" href=\"https:\/\/www.taodao.fr\/index.php\/la-medecine-traditionnelle-chinoise-et-le-shiatsu\/\">La M\u00e9decine Traditionnelle Chinoise et le Shiatsu<\/a><\/span> envisagent\u00a0la personne dans son ensemble<strong>\u00a0<\/strong>(le corps et l\u2019esprit) et d'un\u00a0d\u2019un point de vue \u00e9nerg\u00e9tique . Dans ces conditions,\u00a0<strong>nos activit\u00e9s psychiques, \u00e9motionnelles\u00a0<\/strong>et<strong> notre syst\u00e8me \u00e9nerg\u00e9tique <\/strong>sont \u00e9troitement<strong> li\u00e9s \u00e0 notre corps <\/strong>(Corps, Esprit, Qi).<\/p>\n<p>Lors d\u2019une s\u00e9ance, je vais utiliser le Shiatsu\u00a0pour vous amener \u00e0 <strong>un \u00e9tat de d\u00e9tente et de bien-\u00eatre<\/strong>.<\/p>\n<p>Dans ce cas, vous allez pouvoir commencer \u00e0 \u00ab <a href=\"http:\/\/www.taodao.fr\/index.php\/ma-pratique-la-sante-est-une-affaire-intime\/\"><span style=\"color: #99cc00;\">revenir au centre et vous y ancrer<\/span><\/a>\u00a0\u00bb\u00a0: observer<strong> le jeu de votre mental,<\/strong>\u00a0de vos \u00e9motions et apprendre \u00e0 <strong>maitriser votre int\u00e9riorit\u00e9.<\/strong><\/p>\n<p>A la fin de s\u00e9ance, je vais utiliser le Qi Gong Th\u00e9rapeutique pour relancer plus en profondeur la circulation de l'\u00e9nergie \u00e0 travers le syst\u00e8me. Cela vous maintenir dans un<strong> mieux \u00eatre corporel,\u00a0\u00e9motionnel.<\/strong><\/p>\n<p>En somme, le Shiatsu et la MTC vous am\u00e8nent \u00e0 un \u00e9tat de bien-\u00eatre et de silence. A partir de l\u00e0, je vous accompagne \u00e0 l'\u00e9coute de vos \u00e9motions et dans le ressenti de votre corps et de votre syst\u00e8me \u00e9nerg\u00e9tique. Ainsi, dans cette <strong>qualit\u00e9 de pr\u00e9sence \u00e0 vous m\u00eame<\/strong>, vous pouvez cr\u00e9er les r\u00e9ponses justes face aux stress du quotidien.<\/p>\n<h3>L\u2019association de ces deux pratiques va :<\/h3>\n<p><strong>Am\u00e9liorer votre \u00e9tat de sant\u00e9 :<\/strong> Ces pratiques \u00e9nerg\u00e9tiques\u00a0soutiennent le fonctionnement de vos organes vitaux (la libre circulation du Qi dans le corps) ,\u00a0renforcent<strong>\u00a0<\/strong>votre syst\u00e8me immunitaire , r\u00e9gulent vos circulations sanguine et lymphatique, l\u2019\u00e9limination des toxines est favoris\u00e9e.<\/p>\n<p><strong>R\u00e9guler les processus cognitifs :<\/strong>\u00a0le mental se calme, le stress diminue, le bien-\u00eatre est l\u00e0.<\/p>\n<p><strong>Harmoniser vos \u00e9motions\u00a0<\/strong>, on est dans un bien-\u00eatre qui nous am\u00e8ne \u00e0 \u00eatre-mieux.<\/p>\n<h3><span style=\"color: #99cc00;\"><a href=\"http:\/\/www.taodao.fr\/index.php\/la-medecine-traditionnelle-chinoise-et-le-shiatsu\/\"><b><span style=\"color: #99cc00;\">Le Qi Gong<\/span> <\/b><\/a><\/span><\/h3>\n<p>Litt\u00e9ralement cela signifie \u00ab\u00a0exercice (gong) relatif au\u00a0<a href=\"https:\/\/fr.wikipedia.org\/wiki\/Qi_(spiritualit\u00e9)\">qi<\/a>\u00a0\u00bb, ou \u00ab\u00a0ma\u00eetrise de l'\u00e9nergie vitale\u00a0\u00bb. Le Qi Gong est fond\u00e9 sur<strong> la connaissance et la ma\u00eetrise de l'\u00e9nergie corporelle. <\/strong><\/p>\n<p>Cette\u00a0gymnastique \u00e9nerg\u00e9tique traditionnelle chinoise est aussi une science de la respiration. Elle peut se pratiquer avec des mouvements lents, ou en statique, toujours accompagn\u00e9s par la respiration et d'une pr\u00e9sence m\u00e9ditative. Le Qi Gong compte plusieurs branches avec des centaines de styles diff\u00e9rents: le\u00a0qi gong\u00a0th\u00e9rapeutique (pr\u00e9ventif) et le\u00a0qi gong\u00a0m\u00e9dical (curatif), le\u00a0qi gong\u00a0<a href=\"https:\/\/fr.wikipedia.org\/wiki\/Arts_martiaux\">martial<\/a>, le\u00a0qi gong\u00a0sexuel et le\u00a0qi gong\u00a0spirituel (alchimie tao\u00efste).<\/p>\n<p>&nbsp;<\/p>\n<p style=\"text-align: center;\"><strong><span style=\"color: #99cc00;\">La M\u00e9decine Traditionnelle Chinoise et le Shiatsu nous entra\u00eenent dans la spirale de la Vie, o\u00f9 un sympt\u00f4me n'est pas seulement un blocage \u00e0 lib\u00e9rer ou un vide \u00e0 remplir, mais une m\u00e9moire \u00e0 retrouver pour vivre en harmonie dans le pr\u00e9sent.<\/span><\/strong><br \/>\n<strong><span style=\"color: #99cc00;\">Ainsi, ces sciences et philosophies nous invitent \u00e0 concilier nos contraires et \u00e0 accomplir notre nature primordiale.<\/span><\/strong><\/p>\n<p>&nbsp;<\/p>\n<p style=\"text-align: left;\" align=\"CENTER\"><strong>Le cabinet taodao consulte \u00e0 domicile, en structure m\u00e9dicale ou sur votre lieu de travail.\u00a0<\/strong><\/p>\n<p style=\"text-align: left;\" align=\"CENTER\"><strong>Marie Hignard se d\u00e9place autour de Saint Malo dans un rayon de 30km.<\/strong><\/p>\n<p>&nbsp;<\/p>\n<p><strong><em><span style=\"color: #666666;\"><span style=\"font-family: Lato, sans-serif;\"><span style=\"font-size: medium;\"><i>La M\u00e9decine Traditionnelle Chinoise et le Shiatsu ne peuvent en aucun cas se substituer aux traitements conventionnels, ni \u00e0 une consultation chez un m\u00e9decin. Elles apportent un soutien et un accompagnement,<\/i><\/span><\/span><\/span><\/em><\/strong><\/p>\n<\/div>\n<\/div><\/div><\/div><\/div><\/div>","protected":false},"excerpt":{"rendered":"<p>Bien que je maitrise les diff\u00e9rentes techniques de M\u00e9decine Traditionnelle Chinoise, je pratique aujourd\u2019hui essentiellement le\u00a0Qi Gong Th\u00e9rapeutique\u00a0et le Shiatsu\u00a0. Le Cabinet taodao propose aussi du modelage \u00e0 l\u2019huile. D\u00e9roulement d\u2019une s\u00e9ance La M\u00e9decine Traditionnelle Chinoise et le Shiatsu envisagent\u00a0la<\/p>\n","protected":false},"author":1,"featured_media":218,"parent":0,"menu_order":0,"comment_status":"closed","ping_status":"closed","template":"","meta":[],"_links":{"self":[{"href":"https:\/\/www.taodao.fr\/index.php\/wp-json\/wp\/v2\/pages\/353"}],"collection":[{"href":"https:\/\/www.taodao.fr\/index.php\/wp-json\/wp\/v2\/pages"}],"about":[{"href":"https:\/\/www.taodao.fr\/index.php\/wp-json\/wp\/v2\/types\/page"}],"author":[{"embeddable":true,"href":"https:\/\/www.taodao.fr\/index.php\/wp-json\/wp\/v2\/users\/1"}],"replies":[{"embeddable":true,"href":"https:\/\/www.taodao.fr\/index.php\/wp-json\/wp\/v2\/comments?post=353"}],"version-history":[{"count":68,"href":"https:\/\/www.taodao.fr\/index.php\/wp-json\/wp\/v2\/pages\/353\/revisions"}],"predecessor-version":[{"id":1187,"href":"https:\/\/www.taodao.fr\/index.php\/wp-json\/wp\/v2\/pages\/353\/revisions\/1187"}],"wp:featuredmedia":[{"embeddable":true,"href":"https:\/\/www.taodao.fr\/index.php\/wp-json\/wp\/v2\/media\/218"}],"wp:attachment":[{"href":"https:\/\/www.taodao.fr\/index.php\/wp-json\/wp\/v2\/media?parent=353"}],"curies":[{"name":"wp","href":"https:\/\/api.w.org\/{rel}","templated":true}]}}