{"id":45,"date":"2016-10-09T18:47:03","date_gmt":"2016-10-09T16:47:03","guid":{"rendered":"http:\/\/localhost\/my-site\/wp-taodao\/?page_id=45"},"modified":"2022-08-07T11:21:50","modified_gmt":"2022-08-07T09:21:50","slug":"le-cabinet-taodao","status":"publish","type":"page","link":"https:\/\/www.taodao.fr\/index.php\/le-cabinet-taodao\/","title":{"rendered":"Le cabinet taodao"},"content":{"rendered":"<div id=\"pl-45\"  class=\"panel-layout\" ><div id=\"pg-45-0\"  class=\"panel-grid panel-no-style\" ><div id=\"pgc-45-0-0\"  class=\"panel-grid-cell\" ><div id=\"panel-45-0-0-0\" class=\"so-panel widget widget_sow-image panel-first-child panel-last-child\" data-index=\"0\" ><div\n\t\t\t\n\t\t\tclass=\"so-widget-sow-image so-widget-sow-image-default-8b5b6f678277-45\"\n\t\t\t\n\t\t>\n\n<div class=\"sow-image-container\">\n\t\t<img src=\"https:\/\/www.taodao.fr\/wp-content\/uploads\/2016\/11\/cabinet.jpg\" width=\"600\" height=\"1536\" srcset=\"https:\/\/www.taodao.fr\/wp-content\/uploads\/2016\/11\/cabinet.jpg 600w, https:\/\/www.taodao.fr\/wp-content\/uploads\/2016\/11\/cabinet-117x300.jpg 117w, https:\/\/www.taodao.fr\/wp-content\/uploads\/2016\/11\/cabinet-400x1024.jpg 400w\" sizes=\"(max-width: 600px) 100vw, 600px\" alt=\"\" loading=\"lazy\" \t\tclass=\"so-widget-image\"\/>\n\t<\/div>\n\n<\/div><\/div><\/div><div id=\"pgc-45-0-1\"  class=\"panel-grid-cell\" ><div id=\"panel-45-0-1-0\" class=\"so-panel widget widget_sow-editor panel-first-child panel-last-child\" data-index=\"1\" ><div\n\t\t\t\n\t\t\tclass=\"so-widget-sow-editor so-widget-sow-editor-base\"\n\t\t\t\n\t\t><h3 class=\"widget-title\"> Cabinet taodao - M\u00e9decine Traditionnelle Chinoise et Shiatsu pour entretenir sa sant\u00e9<\/h3>\n<div class=\"siteorigin-widget-tinymce textwidget\">\n\t<h3>Int\u00e9r\u00eat de pratiquer au cabinet taodao<\/h3>\n<p><a href=\"http:\/\/www.taodao.fr\/index.php\/la-medecine-traditionnelle-chinoise-et-le-shiatsu\/\"><span style=\"color: #99cc00;\">Le Shiatsu et la M.T.C<\/span>.<\/a> sont avant tout des\u00a0techniques pr\u00e9ventives, elles permettent <strong>d'entretenir sa sant\u00e9<\/strong>.<br \/>\nLorsqu'elles sont pratiqu\u00e9es\u00a0<strong>r\u00e9guli\u00e8rement<\/strong> ou \u00e0 chaque <strong>changement de saison<\/strong>, elles accompagnent \u00e0 corriger le terrain d\u2019une personne, et donc, de contribuer \u00e0 <b>l\u2019am\u00e9lioration son \u00e9tat de sant\u00e9, <\/b><a href=\"http:\/\/www.taodao.fr\/index.php\/ma-pratique-la-sante-est-une-affaire-intime\/\"><span style=\"color: #99cc00;\">d'entretenir son mieux-\u00eatre<\/span><\/a><b>.<\/b><\/p>\n<p>Ces techniques \u00e9nerg\u00e9tiques sont aussi pertinentes pour agir sur les <strong>\u00e9tats \u00e9motionnels divers <\/strong>tels que le stress, insomnie, fatigue, somatisation, hyperactivit\u00e9, d\u00e9pression, anxi\u00e9t\u00e9, burn out\u2026<\/p>\n<h3>Avantages de venir au cabinet taodao<\/h3>\n<p><strong>Une pratique r\u00e9guli\u00e8re vous aide \u00e0 soulager les maux du stress quotidien :<\/strong> troubles digestifs- du transit- respiratoires, c\u00e9phal\u00e9es, vertiges, baisse d\u2019immunit\u00e9, tension, mauvaise circulation sanguine ou lymphatique, douleurs diverses, douleurs de dos, allergies, fatigue, troubles \u00e9motionnels.<\/p>\n<p><strong>Limiter l'impact des chocs \u00e9motionnels :<\/strong> changements de vie, \"passages importants\", s\u00e9paration, deuil, accidents, r\u00e9cup\u00e9ration post op\u00e9ratoire\u2026<\/p>\n<p><strong>Traverser les \u00e9tapes de la vie en douceur :<\/strong> accompagne dans les p\u00e9riodes de transition comme la pubert\u00e9, l'adolescence, l'andropause ou la m\u00e9nopause, le quatri\u00e8me \u00e2ge \u2026<\/p>\n<h3>Sp\u00e9cialit\u00e9s du Cabinet taodao<\/h3>\n<p><strong>Soutenir lors des maladie chroniques, les Affections de Longues Dur\u00e9es ou en Soin Palliatifs : <\/strong><\/p>\n<p>Dans les Affections de Longue Dur\u00e9e (A.L.D.) ou les maladies chroniques,<a href=\"http:\/\/www.taodao.fr\/index.php\/la-medecine-traditionnelle-chinoise-et-le-shiatsu\/\"><span style=\"color: #99cc00;\"> la M\u00e9decine Traditionnelle Chinoise et le Shiatsu<\/span><\/a> compl\u00e8tent les autres soins en diminuant les effets secondaires des traitements lourds, de la douleur. Ils participent au ralentissement de l\u2019\u00e9volution de la maladie. Ils permettent aussi de calmer les \u00e9motions.<\/p>\n<p>En Soins Palliatifs,<span style=\"color: #99cc00;\"> <a href=\"http:\/\/www.taodao.fr\/index.php\/seance-de-shiatsu-et-mtc-avec-marie-hignard-a-saint-malo\/\"><span style=\"color: #99cc00;\">le Qi Gong th\u00e9rapeutique<\/span><\/a><\/span> apporte un confort physique et \u00e9motionnel au patient. C\u2019est aussi un formidable outil de pratique car il permet\u00a0 de continuer \u00e0 recevoir des soins compl\u00e9mentaires malgr\u00e9 la sensibilit\u00e9 corporelle.<\/p>\n<h3>Histoire de \"taodao\"<\/h3>\n<p><strong>Tao en chinois<\/strong><\/p>\n<p>En Chine il existe deux syst\u00e8mes principaux de\u00a0<a href=\"https:\/\/fr.wikipedia.org\/wiki\/Romanisation_(%C3%A9criture)\" target=\"_blank\" rel=\"noopener\">romanisation<\/a>\u00a0du\u00a0<a href=\"https:\/\/fr.wikipedia.org\/wiki\/Langue_chinoise\" target=\"_blank\" rel=\"noopener\">chinois<\/a>\u00a0<a href=\"https:\/\/fr.wikipedia.org\/wiki\/Mandarin_(langue)\" target=\"_blank\" rel=\"noopener\">mandarin<\/a>\u00a0; le Wade, d\u2019origine anglaise, qui a \u00e9t\u00e9 le principal syst\u00e8me de\u00a0<a href=\"https:\/\/fr.wikipedia.org\/wiki\/Transcription_et_translitt%C3%A9ration\" target=\"_blank\" rel=\"noopener\">transcription<\/a>\u00a0du chinois dans le monde\u00a0anglophone pendant la majeure partie du\u00a0XX<sup>e<\/sup>\u00a0si\u00e8cle\u00a0; le Pinyin, mis en place par la R\u00e9publique populaire de Chine, c\u2019est aujourd\u2019hui le syst\u00e8me de transcription de cette langue le plus r\u00e9pandu. En Wade on prononce tao, en pinyin dao \u2026<\/p>\n<p>Commun\u00e9ment, tao se traduit par \u00ab\u00a0la voie, le chemin, la route\u00a0\u00bb<\/p>\n<p><strong>Explication de l\u2019id\u00e9ogramme Dao<\/strong><\/p>\n<p><img decoding=\"async\" loading=\"lazy\" class=\"size-medium wp-image-286 alignleft\" src=\"http:\/\/www.taodao.fr\/wp-content\/uploads\/2016\/11\/tao-300x300.jpg\" alt=\"\" width=\"300\" height=\"300\" srcset=\"https:\/\/www.taodao.fr\/wp-content\/uploads\/2016\/11\/tao-300x300.jpg 300w, https:\/\/www.taodao.fr\/wp-content\/uploads\/2016\/11\/tao-150x150.jpg 150w, https:\/\/www.taodao.fr\/wp-content\/uploads\/2016\/11\/tao-270x270.jpg 270w, https:\/\/www.taodao.fr\/wp-content\/uploads\/2016\/11\/tao-230x230.jpg 230w, https:\/\/www.taodao.fr\/wp-content\/uploads\/2016\/11\/tao.jpg 472w\" sizes=\"(max-width: 300px) 100vw, 300px\" \/>Commun\u00e9ment, tao se traduit par \u00ab\u00a0la voie, le chemin, la route\u00a0\u00bb<\/p>\n<p>(\u00c0 droite le petit carr\u00e9) Shou\u00a0: signifie la t\u00eate, l\u2019endroit le plus \u00e9lev\u00e9 d\u2019o\u00f9 on peut voir une direction. Les petits traits au dessus peuvent faire penser \u00e0 de la vapeur qui s\u2019\u00e9chappe de l t\u00eate, ou \u00e0 une connexion au ciel.<\/p>\n<p>(\u00c0 gauche le trait vertical qui passe sous le carr\u00e9) Chouo\u00a0: signifie une marche difficile avec des arr\u00eats pour soulager<\/p>\n<p><span style=\"color: #99cc00;\">Tao repr\u00e9sente donc le chemin que parcours un \u00eatre tout au long de sa vie et la pr\u00e9sence, la pers\u00e9v\u00e9rance qu\u2019il met pour y arriver.<\/span><\/p>\n<h3><\/h3>\n<p>&nbsp;<\/p>\n<p><a href=\"http:\/\/www.taodao.fr\/index.php\/marie-hignard-medecine-traditionnelle-chinoise-et-shiatsu-en-saint-malo\/\"><span style=\"color: #99cc00;\"><strong>taodao<\/strong><\/span><\/a><\/p>\n<p>\u00ab taodao\u00a0\u00bb est n\u00e9e en urgence, au moment de d\u00e9clarer mon entreprise, alors qu\u2019il me fallait une adresse mail\u2026 le terme Tao \u00e9tait une \u00e9vidence et Dao le suivit tr\u00e8s vite\u00a0: \u00ab taodao\u00a0\u00bb, deux points de vues diff\u00e9rents et compl\u00e9mentaires qui ne sont rien l\u2019un sans l\u2019autre, comme le Yin et le Yang, le Ciel et la Terre qui m\u00e8nent au m\u00eame chemin\u00a0: la Vie<\/p>\n<p>Lorsque j\u2019ai cr\u00e9\u00e9 mon <a href=\"http:\/\/facebook.com\/taodao.mtc\" target=\"_blank\" rel=\"noopener\"><span style=\"color: #99cc00;\">facebook professionnel<\/span><\/a><span style=\"color: #99cc00;\">,<\/span> de le nommer \u00ab taodao\u00a0\u00bb \u00e9tait encore une \u00e9vidence \u2026 une \u00e9vidence tellement forte qu\u2019aujourd\u2019hui m\u00eame certains proches confondent Marie et taodao.<\/p>\n<p>&nbsp;<\/p>\n<p>&nbsp;<\/p>\n<p><strong>Le cabinet taodao consulte \u00e0 domicile, en structure m\u00e9dicale ou sur votre lieu de travail.\u00a0<\/strong><\/p>\n<p><strong>Marie Hignard se d\u00e9place autour de Saint Malo dans un rayon de 30km.<\/strong><\/p>\n<p>&nbsp;<\/p>\n<p><em>La M\u00e9decine Traditionnelle Chinoise ne se substitue pas aux traitements conventionnels, mais les compl\u00e8te. L'approche \u00e9nerg\u00e9tique des disciplines mentionn\u00e9es ci-dessus, ne s\u2019apparente pas \u00e0 une pratique m\u00e9dicale au sens occidental du terme et ne doit en aucun cas se substituer \u00e0 une consultation m\u00e9dicale chez un m\u00e9decin.<\/em><\/p>\n<\/div>\n<\/div><\/div><\/div><\/div><\/div>","protected":false},"excerpt":{"rendered":"<p>Int\u00e9r\u00eat de pratiquer au cabinet taodao Le Shiatsu et la M.T.C. sont avant tout des\u00a0techniques pr\u00e9ventives, elles permettent d&rsquo;entretenir sa sant\u00e9. Lorsqu&rsquo;elles sont pratiqu\u00e9es\u00a0r\u00e9guli\u00e8rement ou \u00e0 chaque changement de saison, elles accompagnent \u00e0 corriger le terrain d\u2019une personne, et donc,<\/p>\n","protected":false},"author":3,"featured_media":218,"parent":0,"menu_order":0,"comment_status":"closed","ping_status":"closed","template":"","meta":[],"_links":{"self":[{"href":"https:\/\/www.taodao.fr\/index.php\/wp-json\/wp\/v2\/pages\/45"}],"collection":[{"href":"https:\/\/www.taodao.fr\/index.php\/wp-json\/wp\/v2\/pages"}],"about":[{"href":"https:\/\/www.taodao.fr\/index.php\/wp-json\/wp\/v2\/types\/page"}],"author":[{"embeddable":true,"href":"https:\/\/www.taodao.fr\/index.php\/wp-json\/wp\/v2\/users\/3"}],"replies":[{"embeddable":true,"href":"https:\/\/www.taodao.fr\/index.php\/wp-json\/wp\/v2\/comments?post=45"}],"version-history":[{"count":52,"href":"https:\/\/www.taodao.fr\/index.php\/wp-json\/wp\/v2\/pages\/45\/revisions"}],"predecessor-version":[{"id":1024,"href":"https:\/\/www.taodao.fr\/index.php\/wp-json\/wp\/v2\/pages\/45\/revisions\/1024"}],"wp:featuredmedia":[{"embeddable":true,"href":"https:\/\/www.taodao.fr\/index.php\/wp-json\/wp\/v2\/media\/218"}],"wp:attachment":[{"href":"https:\/\/www.taodao.fr\/index.php\/wp-json\/wp\/v2\/media?parent=45"}],"curies":[{"name":"wp","href":"https:\/\/api.w.org\/{rel}","templated":true}]}}