{"id":47,"date":"2016-10-09T18:48:03","date_gmt":"2016-10-09T16:48:03","guid":{"rendered":"http:\/\/localhost\/my-site\/wp-taodao\/?page_id=47"},"modified":"2025-07-21T17:25:46","modified_gmt":"2025-07-21T15:25:46","slug":"tarifs-et-bons-cadeaux-pour-les-seances-dmtc-et-shiatsu","status":"publish","type":"page","link":"https:\/\/www.taodao.fr\/index.php\/tarifs-et-bons-cadeaux-pour-les-seances-dmtc-et-shiatsu\/","title":{"rendered":"Tarifs et bons cadeaux"},"content":{"rendered":"<div id=\"pl-47\"  class=\"panel-layout\" ><div id=\"pg-47-0\"  class=\"panel-grid panel-no-style\" ><div id=\"pgc-47-0-0\"  class=\"panel-grid-cell\" ><div id=\"panel-47-0-0-0\" class=\"so-panel widget widget_sow-editor panel-first-child panel-last-child\" data-index=\"0\" ><div\n\t\t\t\n\t\t\tclass=\"so-widget-sow-editor so-widget-sow-editor-base\"\n\t\t\t\n\t\t><h3 class=\"widget-title\">Tarifs et bons cadeaux<\/h3>\n<div class=\"siteorigin-widget-tinymce textwidget\">\n\t<h2>Tarifs<\/h2>\n<p><b>Cabinet :\u00a0<\/b><\/p>\n<p>La premi\u00e8re s\u00e9ance d'environ 1h45 : 80 euros<\/p>\n<p>Les s\u00e9ances suivantes d\u2019environ 1h : 60 euros<\/p>\n<p><b>Entreprise :\u00a0<\/b>\u00a0me contacter par sms ou mail<\/p>\n<h2><b>Bons cadeaux<\/b><\/h2>\n<p>En effet, toutes ces prestations sont transformables en bon cadeau \u00e0 offrir pour toutes occasions !<\/p>\n<p><b>Pour\u00a0les\u00a0particuliers\u00a0:<\/b><br \/>\nProfitez d'un anniversaire, d'\u00e9v\u00e9nements comme la f\u00eate des m\u00e8res ou des p\u00e8res, la saint Valentin, un mariage \u2026 pour faire plaisir \u00e0 un proche.<br \/>\nAinsi, Vous pouvez lui offrir une ou plusieurs s\u00e9ances de Shiatsu et d'Energ\u00e9tique Traditionnelle Chinoise. C'est un cadeau original qui lui fera plaisir et c'est certain, lui apportera du mieux-\u00eatre !<\/p>\n<p><b>Pour\u00a0les\u00a0professionnels\u00a0:<\/b> (PME PMI CE Association\u2026) :<br \/>\nVous pouvez aussi offrir des ch\u00e8ques cadeaux, ou des s\u00e9ances en entreprise \u00e0 vos salari\u00e9s, aux intervenants b\u00e9n\u00e9voles, pour la fin d'ann\u00e9e, No\u00ebl, pour faire plaisir\u2026 (Facture r\u00e9alis\u00e9e au nom de l'organisation).<\/p>\n<p><b>Pour\u00a0obtenir\u00a0ces\u00a0ch\u00e8ques\u00a0cadeaux :<\/b><br \/>\nContactez-moi par mail ou par sms en indiquant vos nom et adresse ainsi que le nom et pr\u00e9nom de la personne \u00e0 qui vous souhaitez faire plaisir.<br \/>\nJe vous adresserai ensuite votre (vos) ch\u00e8que(s) cadeau(x) d\u00e8s r\u00e9ception de votre r\u00e8glement.<br \/>\nChaque ch\u00e8que cadeau comporte le nom de la personne (ou de l'entreprise) qui l'offre, celui de la personne qui le re\u00e7oit et la nature de la prestation.<\/p>\n<p><strong><em>La personne destinataire du ch\u00e8que cadeau pourra prendre rendez-vous pendant une p\u00e9riode de 6 mois.<\/em><\/strong><\/p>\n<p>Merci de consulter les <a href=\"http:\/\/www.taodao.fr\/cgv.html\"><u>conditions g\u00e9n\u00e9rales de vente\u00a0<\/u><\/a><\/p>\n<p><img decoding=\"async\" loading=\"lazy\" class=\"aligncenter wp-image-734\" src=\"http:\/\/www.taodao.fr\/wp-content\/uploads\/2016\/10\/IMG_20220803_134001-300x149.jpg\" alt=\"\" width=\"364\" height=\"181\" srcset=\"https:\/\/www.taodao.fr\/wp-content\/uploads\/2016\/10\/IMG_20220803_134001-300x149.jpg 300w, https:\/\/www.taodao.fr\/wp-content\/uploads\/2016\/10\/IMG_20220803_134001-768x382.jpg 768w, https:\/\/www.taodao.fr\/wp-content\/uploads\/2016\/10\/IMG_20220803_134001-1024x509.jpg 1024w\" sizes=\"(max-width: 364px) 100vw, 364px\" \/><\/p>\n<p><strong>Je consulte \u00e0 votre domicile sur Saint Malo et jusqu'\u00e0 30 km.<\/strong><br \/>\n<strong>Je me d\u00e9place aussi en structure m\u00e9dicale ou sur votre lieu de travail.<\/strong><\/p>\n<p>&nbsp;<\/p>\n<\/div>\n<\/div><\/div><\/div><\/div><\/div>","protected":false},"excerpt":{"rendered":"<p>Tarifs Cabinet :\u00a0 La premi\u00e8re s\u00e9ance d&rsquo;environ 1h45 : 80 euros Les s\u00e9ances suivantes d\u2019environ 1h : 60 euros Entreprise :\u00a0\u00a0me contacter par sms ou mail Bons cadeaux En effet, toutes ces prestations sont transformables en bon cadeau \u00e0 offrir<\/p>\n","protected":false},"author":3,"featured_media":0,"parent":0,"menu_order":0,"comment_status":"closed","ping_status":"closed","template":"","meta":[],"_links":{"self":[{"href":"https:\/\/www.taodao.fr\/index.php\/wp-json\/wp\/v2\/pages\/47"}],"collection":[{"href":"https:\/\/www.taodao.fr\/index.php\/wp-json\/wp\/v2\/pages"}],"about":[{"href":"https:\/\/www.taodao.fr\/index.php\/wp-json\/wp\/v2\/types\/page"}],"author":[{"embeddable":true,"href":"https:\/\/www.taodao.fr\/index.php\/wp-json\/wp\/v2\/users\/3"}],"replies":[{"embeddable":true,"href":"https:\/\/www.taodao.fr\/index.php\/wp-json\/wp\/v2\/comments?post=47"}],"version-history":[{"count":15,"href":"https:\/\/www.taodao.fr\/index.php\/wp-json\/wp\/v2\/pages\/47\/revisions"}],"predecessor-version":[{"id":1172,"href":"https:\/\/www.taodao.fr\/index.php\/wp-json\/wp\/v2\/pages\/47\/revisions\/1172"}],"wp:attachment":[{"href":"https:\/\/www.taodao.fr\/index.php\/wp-json\/wp\/v2\/media?parent=47"}],"curies":[{"name":"wp","href":"https:\/\/api.w.org\/{rel}","templated":true}]}}