{"id":7,"date":"2016-10-06T18:51:00","date_gmt":"2016-10-06T16:51:00","guid":{"rendered":"http:\/\/localhost\/my-site\/wp-taodao\/?page_id=7"},"modified":"2022-08-07T00:03:04","modified_gmt":"2022-08-06T22:03:04","slug":"marie-hignard-medecine-traditionnelle-chinoise-et-shiatsu-en-saint-malo","status":"publish","type":"page","link":"https:\/\/www.taodao.fr\/index.php\/marie-hignard-medecine-traditionnelle-chinoise-et-shiatsu-en-saint-malo\/","title":{"rendered":"Marie Hignard"},"content":{"rendered":"<div id=\"pl-7\"  class=\"panel-layout\" ><div id=\"pg-7-0\"  class=\"panel-grid panel-no-style\" ><div id=\"pgc-7-0-0\"  class=\"panel-grid-cell\" ><div id=\"panel-7-0-0-0\" class=\"so-panel widget widget_sow-editor panel-first-child panel-last-child\" data-index=\"0\" ><div\n\t\t\t\n\t\t\tclass=\"so-widget-sow-editor so-widget-sow-editor-base\"\n\t\t\t\n\t\t><h3 class=\"widget-title\">Praticienne en \u00c9nerg\u00e9tique Traditionnelle Chinoise (M.T.C.) et Shiatsu<\/h3>\n<div class=\"siteorigin-widget-tinymce textwidget\">\n\t<p>Marie Hignard, je suis Praticienne en M\u00e9decine traditionnelle Chinoise et Shiatsu sur Saint Malo.<\/p>\n<p>Je suis sp\u00e9cialis\u00e9e en soins palliatifs (SP), affections de longue dur\u00e9e (ALD) et maladies chroniques.<\/p>\n<\/div>\n<\/div><\/div><\/div><div id=\"pgc-7-0-1\"  class=\"panel-grid-cell\" ><div id=\"panel-7-0-1-0\" class=\"so-panel widget widget_sow-editor panel-first-child panel-last-child\" data-index=\"1\" ><div\n\t\t\t\n\t\t\tclass=\"so-widget-sow-editor so-widget-sow-editor-base\"\n\t\t\t\n\t\t>\n<div class=\"siteorigin-widget-tinymce textwidget\">\n\t<hr \/>\n<h6>Mes dipl\u00f4mes en M.T.C.<\/h6>\n<p>- \u00e9cole S.F.E.R.E - Aix en Provence<br \/>\n- F\u00e9d\u00e9ration Nationale de M\u00e9decine Traditionnelle Chinoise (F.N.M.T.C.)<br \/>\n- Certificat de Technique Energ\u00e9tique Manuelle (S.F.E.R.E)<br \/>\n- Certificat de l\u2019Acad\u00e9mie de M\u00e9decine Traditionnelle Chinoise de Beijing (P\u00e9kin)<\/p>\n<h6>Mes autres dipl\u00f4mes<\/h6>\n<p>J\u2019ai un Deug Psychologie Cognitive et suis titulaire d\u2019un BEATEP (monteur de projets sociaux) sp\u00e9cialis\u00e9 dans \u00ab\u00a0l\u2019insertion des publics jeunes, jeunes adultes, en milieu urbain\u00a0\u00bb<\/p>\n<\/div>\n<\/div><\/div><\/div><\/div><div id=\"pg-7-1\"  class=\"panel-grid panel-no-style\" ><div id=\"pgc-7-1-0\"  class=\"panel-grid-cell\" ><div id=\"panel-7-1-0-0\" class=\"so-panel widget widget_sow-image panel-first-child\" data-index=\"2\" ><div\n\t\t\t\n\t\t\tclass=\"so-widget-sow-image so-widget-sow-image-default-8b5b6f678277-7\"\n\t\t\t\n\t\t>\n\n<div class=\"sow-image-container\">\n\t\t<img src=\"https:\/\/www.taodao.fr\/wp-content\/uploads\/2016\/11\/qsn2.jpg\" width=\"3216\" height=\"1536\" srcset=\"https:\/\/www.taodao.fr\/wp-content\/uploads\/2016\/11\/qsn2.jpg 3216w, https:\/\/www.taodao.fr\/wp-content\/uploads\/2016\/11\/qsn2-300x143.jpg 300w, https:\/\/www.taodao.fr\/wp-content\/uploads\/2016\/11\/qsn2-768x367.jpg 768w, https:\/\/www.taodao.fr\/wp-content\/uploads\/2016\/11\/qsn2-1024x489.jpg 1024w\" sizes=\"(max-width: 3216px) 100vw, 3216px\" alt=\"\" loading=\"lazy\" \t\tclass=\"so-widget-image\"\/>\n\t<\/div>\n\n<\/div><\/div><div id=\"panel-7-1-0-1\" class=\"so-panel widget widget_sow-editor panel-last-child\" data-index=\"3\" ><div\n\t\t\t\n\t\t\tclass=\"so-widget-sow-editor so-widget-sow-editor-base\"\n\t\t\t\n\t\t>\n<div class=\"siteorigin-widget-tinymce textwidget\">\n\t<h6><strong>Mes interventions :<\/strong><\/h6>\n<p>Je suis intervenue au centre de <span style=\"color: #99cc00;\"><a href=\"http:\/\/www.taodao.fr\/index.php\/le-cabinet-taodao\/\"><span style=\"color: #99cc00;\">Soins Palliatifs<\/span><\/a><\/span> de La Maison \u00e0 Gardanne pendant 5 ans\u00a0; j'ai pratiqu\u00e9 aussi en structure m\u00e9dicale, \u00e0 l\u2019h\u00f4pital d'Avignon (services SP, H\u00e9matologie, cardiologie et n\u00e9phrologie), d'Orange (SP) \u00e0 la demande des familles et des m\u00e9decins.<\/p>\n<p>J\u2019ai pr\u00e9sent\u00e9 un sujet au Congr\u00e8s de L'SFAP \u00e0 Strasbourg 2012 sur \u00ab\u00a0la compl\u00e9mentarit\u00e9 des soins de support, et plus particuli\u00e8rement de la MTC, en soins palliatifs \u00ab<\/p>\n<p>J\u2019ai particip\u00e9 \u00e0 la Rencontre R\u00e9gionale SP du Haut Vaucluse Vaison-la-Romaine 2013 comme responsable d'un atelier traitant du\" toucher relation : le moi peau \"<\/p>\n<p>&nbsp;<\/p>\n<\/div>\n<\/div><\/div><\/div><\/div><div id=\"pg-7-2\"  class=\"panel-grid panel-no-style\" ><div id=\"pgc-7-2-0\"  class=\"panel-grid-cell\" ><div id=\"panel-7-2-0-0\" class=\"so-panel widget widget_sow-image panel-first-child panel-last-child\" data-index=\"4\" ><div\n\t\t\t\n\t\t\tclass=\"so-widget-sow-image so-widget-sow-image-default-dbf295114b96-7\"\n\t\t\t\n\t\t>\n\n<div class=\"sow-image-container\">\n\t\t<img src=\"https:\/\/www.taodao.fr\/wp-content\/uploads\/2016\/11\/tao.jpg\" width=\"472\" height=\"472\" srcset=\"https:\/\/www.taodao.fr\/wp-content\/uploads\/2016\/11\/tao.jpg 472w, https:\/\/www.taodao.fr\/wp-content\/uploads\/2016\/11\/tao-150x150.jpg 150w, https:\/\/www.taodao.fr\/wp-content\/uploads\/2016\/11\/tao-300x300.jpg 300w, https:\/\/www.taodao.fr\/wp-content\/uploads\/2016\/11\/tao-270x270.jpg 270w, https:\/\/www.taodao.fr\/wp-content\/uploads\/2016\/11\/tao-230x230.jpg 230w\" sizes=\"(max-width: 472px) 100vw, 472px\" alt=\"\" loading=\"lazy\" \t\tclass=\"so-widget-image\"\/>\n\t<\/div>\n\n<\/div><\/div><\/div><div id=\"pgc-7-2-1\"  class=\"panel-grid-cell\" ><div id=\"panel-7-2-1-0\" class=\"so-panel widget widget_sow-editor panel-first-child panel-last-child\" data-index=\"5\" ><div\n\t\t\t\n\t\t\tclass=\"so-widget-sow-editor so-widget-sow-editor-base\"\n\t\t\t\n\t\t><h3 class=\"widget-title\">Taodao<\/h3>\n<div class=\"siteorigin-widget-tinymce textwidget\">\n\t<p><strong>Commun\u00e9ment, tao ou dao, se traduit par \u00ab\u00a0la voie, le chemin, la route\u00a0\u00bb<\/strong><\/p>\n<p>Il existe deux syst\u00e8mes principaux de\u00a0transcription du\u00a0chinois\u00a0mandarin\u00a0: le Wade, d\u2019origine anglaise, on prononce tao; le Pinyin, mis en place par la R\u00e9publique populaire de Chine, on prononce dao \u2026<\/p>\n<p>\u00ab <a href=\"http:\/\/www.taodao.fr\/index.php\/le-cabinet-taodao\/\"><span style=\"color: #99cc00;\">taodao<\/span><\/a>\u00a0\u00bb est n\u00e9e en urgence, au moment de d\u00e9clarer mon entreprise, alors qu\u2019il me fallait une adresse mail\u2026 le terme Tao \u00e9tait une \u00e9vidence et Dao le suivit tr\u00e8s vite\u00a0: \u00ab taodao\u00a0\u00bb, deux points de vues diff\u00e9rents et compl\u00e9mentaires qui ne sont rien l\u2019un sans l\u2019autre, comme le Yin et le Yang, le Ciel et la Terre qui m\u00e8nent au m\u00eame chemin\u00a0: la Vie<\/p>\n<p>Lorsque j\u2019ai cr\u00e9\u00e9 mon <a href=\"https:\/\/www.facebook.com\/taodao.mtc\" target=\"_blank\" rel=\"noopener\">facebook professionnel<\/a>, de le nommer \u00ab taodao\u00a0\u00bb \u00e9tait encore une \u00e9vidence \u2026 une \u00e9vidence tellement forte qu\u2019aujourd\u2019hui m\u00eame certains proches confondent Marie et taodao.<\/p>\n<p><span style=\"color: #99cc00;\"><b>Tao repr\u00e9sente donc le chemin que parcourt un \u00eatre tout au long de sa vie et les moyens qu'il se donne pour suivre ce chemin, au plus proche de ses aspirations\u2026<span style=\"color: #99cc00;\">\u00a0<a href=\"http:\/\/www.taodao.fr\/index.php\/ma-pratique-la-sante-est-une-affaire-intime\/\"><span style=\"color: #99cc00;\">le<\/span>\u00a0<span style=\"color: #99cc00;\">mieux-\u00eatre<\/span><\/a><\/span> !<\/b><\/span><\/p>\n<p><span style=\"color: #99cc00;\">\u00ab\u00a0Taodao\u00a0\u00bb : deux mots pour dire la m\u00eame chose\u2026 deux points de vue diff\u00e9rents et compl\u00e9mentaires qui, comme le Yin et le Yang, le Ciel et la Terre, m\u00e8nent au m\u00eame chemin\u00a0: la r\u00e9alisation de notre vie sur Terre.<\/span><\/p>\n<p style=\"text-align: left;\"><strong>Je consulte \u00e0 domicile ou en lieu de coworking sur Saint Malo<\/strong><br \/>\n<strong> Je me d\u00e9place en structure m\u00e9dicale ou sur votre lieu de travail.<\/strong><\/p>\n<\/div>\n<\/div><\/div><\/div><\/div><\/div>","protected":false},"excerpt":{"rendered":"<p>Marie Hignard, je suis Praticienne en M\u00e9decine traditionnelle Chinoise et Shiatsu sur Saint Malo. Je suis sp\u00e9cialis\u00e9e en soins palliatifs (SP), affections de longue dur\u00e9e (ALD) et maladies chroniques. Mes dipl\u00f4mes en M.T.C. &#8211; \u00e9cole S.F.E.R.E &#8211; Aix en Provence<\/p>\n","protected":false},"author":3,"featured_media":226,"parent":0,"menu_order":0,"comment_status":"closed","ping_status":"closed","template":"","meta":[],"_links":{"self":[{"href":"https:\/\/www.taodao.fr\/index.php\/wp-json\/wp\/v2\/pages\/7"}],"collection":[{"href":"https:\/\/www.taodao.fr\/index.php\/wp-json\/wp\/v2\/pages"}],"about":[{"href":"https:\/\/www.taodao.fr\/index.php\/wp-json\/wp\/v2\/types\/page"}],"author":[{"embeddable":true,"href":"https:\/\/www.taodao.fr\/index.php\/wp-json\/wp\/v2\/users\/3"}],"replies":[{"embeddable":true,"href":"https:\/\/www.taodao.fr\/index.php\/wp-json\/wp\/v2\/comments?post=7"}],"version-history":[{"count":59,"href":"https:\/\/www.taodao.fr\/index.php\/wp-json\/wp\/v2\/pages\/7\/revisions"}],"predecessor-version":[{"id":1001,"href":"https:\/\/www.taodao.fr\/index.php\/wp-json\/wp\/v2\/pages\/7\/revisions\/1001"}],"wp:featuredmedia":[{"embeddable":true,"href":"https:\/\/www.taodao.fr\/index.php\/wp-json\/wp\/v2\/media\/226"}],"wp:attachment":[{"href":"https:\/\/www.taodao.fr\/index.php\/wp-json\/wp\/v2\/media?parent=7"}],"curies":[{"name":"wp","href":"https:\/\/api.w.org\/{rel}","templated":true}]}}