{"id":9,"date":"2016-10-06T18:54:57","date_gmt":"2016-10-06T16:54:57","guid":{"rendered":"http:\/\/localhost\/my-site\/wp-taodao\/?page_id=9"},"modified":"2025-04-25T19:44:32","modified_gmt":"2025-04-25T17:44:32","slug":"partenaires-cabinet-taodao-marie-hignard-shiatsu-et-mtc-saint-malo","status":"publish","type":"page","link":"https:\/\/www.taodao.fr\/index.php\/partenaires-cabinet-taodao-marie-hignard-shiatsu-et-mtc-saint-malo\/","title":{"rendered":"Partenaires"},"content":{"rendered":"<div id=\"pl-9\"  class=\"panel-layout\" ><div id=\"pg-9-0\"  class=\"panel-grid panel-no-style\" ><div id=\"pgc-9-0-0\"  class=\"panel-grid-cell\" ><div id=\"panel-9-0-0-0\" class=\"so-panel widget widget_sow-image panel-first-child panel-last-child\" data-index=\"0\" ><div\n\t\t\t\n\t\t\tclass=\"so-widget-sow-image so-widget-sow-image-default-8b5b6f678277-9\"\n\t\t\t\n\t\t>\n\n<div class=\"sow-image-container\">\n\t\t\t<a href=\"http:\/\/ressources-sante.org\/\"\n\t\t\ttarget=\"_blank\" rel=\"noopener noreferrer\" \t\t>\n\t\t\t<img src=\"https:\/\/www.taodao.fr\/wp-content\/uploads\/2016\/11\/logo-ressources-sante-vaucluse.jpg\" width=\"225\" height=\"167\" sizes=\"(max-width: 225px) 100vw, 225px\" title=\"Ressources Sant\u00e9 Vaucluse, partenaire de Marie Hignard, praticienne de m\u00e9decine traditionnelle chinoise \u00e0 Avignon\" alt=\"Ressources Sant\u00e9 Vaucluse, partenaire de Marie Hignard, praticienne de m\u00e9decine traditionnelle chinoise \u00e0 Avignon\" loading=\"lazy\" \t\tclass=\"so-widget-image\"\/>\n\t<\/a><\/div>\n\n<\/div><\/div><\/div><div id=\"pgc-9-0-1\"  class=\"panel-grid-cell\" ><div id=\"panel-9-0-1-0\" class=\"so-panel widget widget_sow-editor panel-first-child panel-last-child\" data-index=\"1\" ><div\n\t\t\t\n\t\t\tclass=\"so-widget-sow-editor so-widget-sow-editor-base\"\n\t\t\t\n\t\t>\n<div class=\"siteorigin-widget-tinymce textwidget\">\n\t<p><strong>R\u00e9seau ressources sant\u00e9<\/strong><br \/>Le R\u00e9seau Ressources Sant\u00e9 Avignon et proche r\u00e9gion est un dispositif d\u2019aide \u00e0 la prise en charge sanitaire et sociale de proximit\u00e9 au service du m\u00e9decin traitant et de tous les professionnels de sant\u00e9 pour les patients en situation de vuln\u00e9rabilit\u00e9<br \/><a href=\"http:\/\/www.ressources-sante.org\" target=\"_blank\">www.ressources-sante.org<\/a><\/p>\n<\/div>\n<\/div><\/div><\/div><div id=\"pgc-9-0-2\"  class=\"panel-grid-cell\" ><div id=\"panel-9-0-2-0\" class=\"so-panel widget widget_sow-image panel-first-child panel-last-child\" data-index=\"2\" ><div\n\t\t\t\n\t\t\tclass=\"so-widget-sow-image so-widget-sow-image-default-8b5b6f678277-9\"\n\t\t\t\n\t\t>\n\n<div class=\"sow-image-container\">\n\t\t\t<a href=\"http:\/\/www.sourirealavie.fr\/\"\n\t\t\ttarget=\"_blank\" rel=\"noopener noreferrer\" \t\t>\n\t\t\t<img src=\"https:\/\/www.taodao.fr\/wp-content\/uploads\/2016\/11\/sourire-a-la-vie.jpg\" width=\"225\" height=\"229\" sizes=\"(max-width: 225px) 100vw, 225px\" title=\"Sourire \u00e0 la vie, partenaire de Marie Hignard, praticienne de m\u00e9decine traditionnelle chinoise \u00e0 Avignon\" alt=\"Sourire \u00e0 la vie, partenaire de Marie Hignard, praticienne de m\u00e9decine traditionnelle chinoise \u00e0 Avignon\" loading=\"lazy\" \t\tclass=\"so-widget-image\"\/>\n\t<\/a><\/div>\n\n<\/div><\/div><\/div><div id=\"pgc-9-0-3\"  class=\"panel-grid-cell\" ><div id=\"panel-9-0-3-0\" class=\"so-panel widget widget_sow-editor panel-first-child panel-last-child\" data-index=\"3\" ><div\n\t\t\t\n\t\t\tclass=\"so-widget-sow-editor so-widget-sow-editor-base\"\n\t\t\t\n\t\t>\n<div class=\"siteorigin-widget-tinymce textwidget\">\n\t<p><strong>Sourire \u00e0 la vie<\/strong><br \/>Sourire \u00e0 la Vie propose un accompagnement des enfants atteints de cancer en cours de traitement, en r\u00e9mission et en soins palliatifs.<br \/><a href=\"http:\/\/www.sourirealavie.fr\" target=\"_blank\">www.sourirealavie.fr<\/a><\/p>\n<\/div>\n<\/div><\/div><\/div><\/div><div id=\"pg-9-1\"  class=\"panel-grid panel-no-style\" ><div id=\"pgc-9-1-0\"  class=\"panel-grid-cell\" ><div id=\"panel-9-1-0-0\" class=\"so-panel widget widget_sow-image panel-first-child panel-last-child\" data-index=\"4\" ><div\n\t\t\t\n\t\t\tclass=\"so-widget-sow-image so-widget-sow-image-default-8b5b6f678277-9\"\n\t\t\t\n\t\t>\n\n<div class=\"sow-image-container\">\n\t\t\t<a href=\"http:\/\/www.apsp-paca.net\/\"\n\t\t\ttarget=\"_blank\" rel=\"noopener noreferrer\" \t\t>\n\t\t\t<img src=\"https:\/\/www.taodao.fr\/wp-content\/uploads\/2016\/11\/apsp.jpg\" width=\"225\" height=\"180\" sizes=\"(max-width: 225px) 100vw, 225px\" title=\"APSP, partenaire de Marie Hignard, praticienne de m\u00e9decine traditionnelle chinoise \u00e0 Avignon\" alt=\"APSP, partenaire de Marie Hignard, praticienne de m\u00e9decine traditionnelle chinoise \u00e0 Avignon\" loading=\"lazy\" \t\tclass=\"so-widget-image\"\/>\n\t<\/a><\/div>\n\n<\/div><\/div><\/div><div id=\"pgc-9-1-1\"  class=\"panel-grid-cell\" ><div id=\"panel-9-1-1-0\" class=\"so-panel widget widget_sow-editor panel-first-child panel-last-child\" data-index=\"5\" ><div\n\t\t\t\n\t\t\tclass=\"so-widget-sow-editor so-widget-sow-editor-base\"\n\t\t\t\n\t\t>\n<div class=\"siteorigin-widget-tinymce textwidget\">\n\t<p><strong>APSP<\/strong><br \/>Association pour les soins palliatifs en r\u00e9gion PACA<br \/><a href=\"http:\/\/www.apsp-paca.net\/\" target=\"_blank\">www.apsp-paca.net<\/a><\/p>\n<\/div>\n<\/div><\/div><\/div><div id=\"pgc-9-1-2\"  class=\"panel-grid-cell\" ><div id=\"panel-9-1-2-0\" class=\"so-panel widget widget_sow-image panel-first-child panel-last-child\" data-index=\"6\" ><div\n\t\t\t\n\t\t\tclass=\"so-widget-sow-image so-widget-sow-image-default-8b5b6f678277-9\"\n\t\t\t\n\t\t>\n\n<div class=\"sow-image-container\">\n\t\t\t<a href=\"http:\/\/www.marseille-shiatsu.fr\"\n\t\t\ttarget=\"_blank\" rel=\"noopener noreferrer\" \t\t>\n\t\t\t<img src=\"https:\/\/www.taodao.fr\/wp-content\/uploads\/2016\/11\/energies_anma_shiatsu.jpg\" width=\"225\" height=\"115\" sizes=\"(max-width: 225px) 100vw, 225px\" title=\"Energies Anma Shiatsu, partenaire de Marie Hignard, praticienne de m\u00e9decine traditionnelle chinoise \u00e0 Avignon\" alt=\"Energies Anma Shiatsu, partenaire de Marie Hignard, praticienne de m\u00e9decine traditionnelle chinoise \u00e0 Avignon\" loading=\"lazy\" \t\tclass=\"so-widget-image\"\/>\n\t<\/a><\/div>\n\n<\/div><\/div><\/div><div id=\"pgc-9-1-3\"  class=\"panel-grid-cell\" ><div id=\"panel-9-1-3-0\" class=\"so-panel widget widget_sow-editor panel-first-child panel-last-child\" data-index=\"7\" ><div\n\t\t\t\n\t\t\tclass=\"so-widget-sow-editor so-widget-sow-editor-base\"\n\t\t\t\n\t\t>\n<div class=\"siteorigin-widget-tinymce textwidget\">\n\t<p><strong>Pierre Amatore<\/strong><br \/>Pierre Amatore praticien en shiatsu qui exerce sur Marseille et Aubagne<br \/>Travaille \u00e9galement avec des techniques de M\u00e9decine Traditionnelle Chinoise telles que les Moxa ou les Ventouses.<br \/><a href=\"http:\/\/www.marseille-shiatsu.fr\">www.marseille-shiatsu.fr<\/a><\/p>\n<\/div>\n<\/div><\/div><\/div><\/div><div id=\"pg-9-2\"  class=\"panel-grid panel-no-style\" ><div id=\"pgc-9-2-0\"  class=\"panel-grid-cell panel-grid-cell-empty\" ><\/div><div id=\"pgc-9-2-1\"  class=\"panel-grid-cell panel-grid-cell-empty\" ><\/div><div id=\"pgc-9-2-2\"  class=\"panel-grid-cell\" ><div id=\"panel-9-2-2-0\" class=\"so-panel widget widget_sow-image panel-first-child panel-last-child\" data-index=\"8\" ><div\n\t\t\t\n\t\t\tclass=\"so-widget-sow-image so-widget-sow-image-default-8b5b6f678277-9\"\n\t\t\t\n\t\t>\n\n<div class=\"sow-image-container\">\n\t\t<img src=\"https:\/\/www.taodao.fr\/wp-content\/uploads\/2016\/10\/logo-la-maison-gardanne.png\" width=\"232\" height=\"200\" sizes=\"(max-width: 232px) 100vw, 232px\" alt=\"La Maison Gardanne\" loading=\"lazy\" \t\tclass=\"so-widget-image\"\/>\n\t<\/div>\n\n<\/div><\/div><\/div><div id=\"pgc-9-2-3\"  class=\"panel-grid-cell\" ><div id=\"panel-9-2-3-0\" class=\"so-panel widget widget_sow-editor panel-first-child panel-last-child\" data-index=\"9\" ><div\n\t\t\t\n\t\t\tclass=\"so-widget-sow-editor so-widget-sow-editor-base\"\n\t\t\t\n\t\t>\n<div class=\"siteorigin-widget-tinymce textwidget\">\n\t<p><strong>La Maison : H\u00f4pital de jour \u00e0 Gardanne<br \/><\/strong>Je suis intervenue au centre de Soins Palliatifs de La Maison \u00e0 Gardanne pendant 5 ans<br \/><a href=\"http:\/\/www.lamaisondegardanne.org\" target=\"_blank\">www.lamaisondegardanne.org<\/a><\/p>\n<\/div>\n<\/div><\/div><\/div><\/div><div id=\"pg-9-3\"  class=\"panel-grid panel-has-style\" ><div id=\"httpswwwacupuncture-avignonfr\" class=\"panel-row-style panel-row-style-for-9-3\" ><div id=\"pgc-9-3-0\"  class=\"panel-grid-cell panel-grid-cell-empty panel-grid-cell-mobile-last\" ><\/div><div id=\"pgc-9-3-1\"  class=\"panel-grid-cell panel-grid-cell-empty\" ><\/div><\/div><\/div><\/div>","protected":false},"excerpt":{"rendered":"<p>R\u00e9seau ressources sant\u00e9Le R\u00e9seau Ressources Sant\u00e9 Avignon et proche r\u00e9gion est un dispositif d\u2019aide \u00e0 la prise en charge sanitaire et sociale de proximit\u00e9 au service du m\u00e9decin traitant et de tous les professionnels de sant\u00e9 pour les patients en<\/p>\n","protected":false},"author":3,"featured_media":0,"parent":0,"menu_order":0,"comment_status":"closed","ping_status":"closed","template":"","meta":[],"_links":{"self":[{"href":"https:\/\/www.taodao.fr\/index.php\/wp-json\/wp\/v2\/pages\/9"}],"collection":[{"href":"https:\/\/www.taodao.fr\/index.php\/wp-json\/wp\/v2\/pages"}],"about":[{"href":"https:\/\/www.taodao.fr\/index.php\/wp-json\/wp\/v2\/types\/page"}],"author":[{"embeddable":true,"href":"https:\/\/www.taodao.fr\/index.php\/wp-json\/wp\/v2\/users\/3"}],"replies":[{"embeddable":true,"href":"https:\/\/www.taodao.fr\/index.php\/wp-json\/wp\/v2\/comments?post=9"}],"version-history":[{"count":16,"href":"https:\/\/www.taodao.fr\/index.php\/wp-json\/wp\/v2\/pages\/9\/revisions"}],"predecessor-version":[{"id":1154,"href":"https:\/\/www.taodao.fr\/index.php\/wp-json\/wp\/v2\/pages\/9\/revisions\/1154"}],"wp:attachment":[{"href":"https:\/\/www.taodao.fr\/index.php\/wp-json\/wp\/v2\/media?parent=9"}],"curies":[{"name":"wp","href":"https:\/\/api.w.org\/{rel}","templated":true}]}}